{"id":4468,"date":"2026-04-30T21:28:45","date_gmt":"2026-04-30T21:28:45","guid":{"rendered":"https:\/\/techauch.de\/?page_id=4468"},"modified":"2026-04-30T21:34:05","modified_gmt":"2026-04-30T21:34:05","slug":"termin","status":"publish","type":"page","link":"https:\/\/techauch.de\/en\/praxis\/termin\/","title":{"rendered":"Termin"},"content":{"rendered":"<div data-elementor-type=\"wp-page\" data-elementor-id=\"4468\" class=\"elementor elementor-4468\" data-elementor-post-type=\"page\">\n\t\t\t\t<div class=\"elementor-element elementor-element-349ed6e e-flex e-con-boxed e-con e-parent\" data-id=\"349ed6e\" data-element_type=\"container\" data-e-type=\"container\">\n\t\t\t\t\t<div class=\"e-con-inner\">\n\t\t\t\t<div class=\"elementor-element elementor-element-855d918 elementor-widget elementor-widget-image\" data-id=\"855d918\" data-element_type=\"widget\" data-e-type=\"widget\" data-widget_type=\"image.default\">\n\t\t\t\t<div class=\"elementor-widget-container\">\n\t\t\t\t\t\t\t\t\t\t\t\t\t\t\t\t<a href=\"https:\/\/techauch.de\/en\">\n\t\t\t\t\t\t\t<img fetchpriority=\"high\" decoding=\"async\" width=\"800\" height=\"529\" src=\"https:\/\/techauch.de\/wp-content\/uploads\/2026\/01\/2025-06-12-00_04_21-new-logo-09.24-verkleinert_14.02.jpg-1330\u00d71233.png\" class=\"attachment-large size-large wp-image-2126\" alt=\"Cookie-Richtlinie\" srcset=\"https:\/\/techauch.de\/wp-content\/uploads\/2026\/01\/2025-06-12-00_04_21-new-logo-09.24-verkleinert_14.02.jpg-1330\u00d71233.png 803w, https:\/\/techauch.de\/wp-content\/uploads\/2026\/01\/2025-06-12-00_04_21-new-logo-09.24-verkleinert_14.02.jpg-1330\u00d71233-300x198.png 300w, https:\/\/techauch.de\/wp-content\/uploads\/2026\/01\/2025-06-12-00_04_21-new-logo-09.24-verkleinert_14.02.jpg-1330\u00d71233-768x508.png 768w, https:\/\/techauch.de\/wp-content\/uploads\/2026\/01\/2025-06-12-00_04_21-new-logo-09.24-verkleinert_14.02.jpg-1330\u00d71233-600x397.png 600w\" sizes=\"(max-width: 800px) 100vw, 800px\" \/>\t\t\t\t\t\t\t\t<\/a>\n\t\t\t\t\t\t\t\t\t\t\t\t\t\t\t<\/div>\n\t\t\t\t<\/div>\n\t\t\t\t<div class=\"elementor-element elementor-element-3021b7b elementor-widget elementor-widget-html\" data-id=\"3021b7b\" data-element_type=\"widget\" data-e-type=\"widget\" data-widget_type=\"html.default\">\n\t\t\t\t<div class=\"elementor-widget-container\">\n\t\t\t\t\t<div style=\"min-width:330px\" class=\"meetergo-iframe\" data-src=\"https:\/\/cal.meetergo.com\/techauchsolutions\/beratung-1\"><\/div>\n<script defer src=\"https:\/\/liv-showcase.s3.eu-central-1.amazonaws.com\/browser-v4.js\"><\/script>\t\t\t\t<\/div>\n\t\t\t\t<\/div>\n\t\t\t\t<div class=\"elementor-element elementor-element-ec531ea elementor-widget elementor-widget-spacer\" data-id=\"ec531ea\" data-element_type=\"widget\" data-e-type=\"widget\" data-widget_type=\"spacer.default\">\n\t\t\t\t<div class=\"elementor-widget-container\">\n\t\t\t\t\t\t\t<div class=\"elementor-spacer\">\n\t\t\t<div class=\"elementor-spacer-inner\"><\/div>\n\t\t<\/div>\n\t\t\t\t\t\t<\/div>\n\t\t\t\t<\/div>\n\t\t\t\t\t<\/div>\n\t\t\t\t<\/div>\n\t\t\t\t<\/div>","protected":false},"excerpt":{"rendered":"","protected":false},"author":9,"featured_media":0,"parent":4178,"menu_order":0,"comment_status":"closed","ping_status":"closed","template":"elementor_canvas","meta":{"footnotes":""},"class_list":["post-4468","page","type-page","status-publish","hentry"],"yoast_head":"<!-- This site is optimized with the Yoast SEO Premium plugin v27.5 (Yoast SEO v27.6) - https:\/\/yoast.com\/product\/yoast-seo-premium-wordpress\/ -->\n<title>Termin | TechAuch Solutions<\/title>\n<meta name=\"description\" content=\"Termin TechAuch Solutions\" \/>\n<meta name=\"robots\" content=\"index, follow, max-snippet:-1, max-image-preview:large, max-video-preview:-1\" \/>\n<link rel=\"canonical\" href=\"https:\/\/techauch.de\/en\/praxis\/termin\/\" \/>\n<meta property=\"og:locale\" content=\"en_US\" \/>\n<meta property=\"og:type\" content=\"article\" \/>\n<meta property=\"og:title\" content=\"Termin IT f\u00fcr KMU | TechAuch Solutions\" \/>\n<meta property=\"og:description\" content=\"IT f\u00fcr KMU in M\u00fcnchen &amp; Umgebung: Support, Sicherheit, Netzwerk &amp; Microsoft 365. Beratung buchen und IT endlich sauber aufstellen.\" \/>\n<meta property=\"og:url\" content=\"https:\/\/techauch.de\/en\/praxis\/termin\/\" \/>\n<meta property=\"og:site_name\" content=\"TechAuch Solutions\" \/>\n<meta property=\"article:publisher\" content=\"https:\/\/www.facebook.com\/techauchsolutions\/\" \/>\n<meta property=\"article:modified_time\" content=\"2026-04-30T21:34:05+00:00\" \/>\n<meta property=\"og:image\" content=\"https:\/\/techauch.de\/wp-content\/uploads\/2026\/01\/2025-06-12-00_04_21-new-logo-09.24-verkleinert_14.02.jpg-1330\u00d71233.png\" \/>\n\t<meta property=\"og:image:width\" content=\"803\" \/>\n\t<meta property=\"og:image:height\" content=\"531\" \/>\n\t<meta property=\"og:image:type\" content=\"image\/png\" \/>\n<meta name=\"twitter:card\" content=\"summary_large_image\" \/>\n<meta name=\"twitter:site\" content=\"@techauchs\" \/>\n<meta name=\"twitter:label1\" content=\"Est. reading time\" \/>\n\t<meta name=\"twitter:data1\" content=\"1 minute\" \/>\n<script type=\"application\/ld+json\" class=\"yoast-schema-graph\">{\"@context\":\"https:\\\/\\\/schema.org\",\"@graph\":[{\"@type\":\"Article\",\"@id\":\"https:\\\/\\\/techauch.de\\\/praxis\\\/termin\\\/#article\",\"isPartOf\":{\"@id\":\"https:\\\/\\\/techauch.de\\\/praxis\\\/termin\\\/\"},\"author\":{\"name\":\"M.Riaz\",\"@id\":\"https:\\\/\\\/techauch.de\\\/#\\\/schema\\\/person\\\/fe32d3fba812cce3abfaa16fc6dea45a\"},\"headline\":\"Termin\",\"datePublished\":\"2026-04-30T21:28:45+00:00\",\"dateModified\":\"2026-04-30T21:34:05+00:00\",\"mainEntityOfPage\":{\"@id\":\"https:\\\/\\\/techauch.de\\\/praxis\\\/termin\\\/\"},\"wordCount\":1,\"publisher\":{\"@id\":\"https:\\\/\\\/techauch.de\\\/#organization\"},\"inLanguage\":\"en-US\"},{\"@type\":\"WebPage\",\"@id\":\"https:\\\/\\\/techauch.de\\\/praxis\\\/termin\\\/\",\"url\":\"https:\\\/\\\/techauch.de\\\/praxis\\\/termin\\\/\",\"name\":\"Termin | TechAuch Solutions\",\"isPartOf\":{\"@id\":\"https:\\\/\\\/techauch.de\\\/#website\"},\"datePublished\":\"2026-04-30T21:28:45+00:00\",\"dateModified\":\"2026-04-30T21:34:05+00:00\",\"description\":\"Termin TechAuch Solutions\",\"breadcrumb\":{\"@id\":\"https:\\\/\\\/techauch.de\\\/praxis\\\/termin\\\/#breadcrumb\"},\"inLanguage\":\"en-US\",\"potentialAction\":[{\"@type\":\"ReadAction\",\"target\":[\"https:\\\/\\\/techauch.de\\\/praxis\\\/termin\\\/\"]}]},{\"@type\":\"BreadcrumbList\",\"@id\":\"https:\\\/\\\/techauch.de\\\/praxis\\\/termin\\\/#breadcrumb\",\"itemListElement\":[{\"@type\":\"ListItem\",\"position\":1,\"name\":\"Startseite\",\"item\":\"https:\\\/\\\/techauch.de\\\/\"},{\"@type\":\"ListItem\",\"position\":2,\"name\":\"IT-Service f\u00fcr Arztpraxen\",\"item\":\"https:\\\/\\\/techauch.de\\\/praxis\\\/\"},{\"@type\":\"ListItem\",\"position\":3,\"name\":\"Termin\"}]},{\"@type\":\"WebSite\",\"@id\":\"https:\\\/\\\/techauch.de\\\/#website\",\"url\":\"https:\\\/\\\/techauch.de\\\/\",\"name\":\"TechAuch Solutions\",\"description\":\"IT Service f\u00fcr KMU &amp; Praxen\",\"publisher\":{\"@id\":\"https:\\\/\\\/techauch.de\\\/#organization\"},\"potentialAction\":[{\"@type\":\"SearchAction\",\"target\":{\"@type\":\"EntryPoint\",\"urlTemplate\":\"https:\\\/\\\/techauch.de\\\/?s={search_term_string}\"},\"query-input\":{\"@type\":\"PropertyValueSpecification\",\"valueRequired\":true,\"valueName\":\"search_term_string\"}}],\"inLanguage\":\"en-US\"},{\"@type\":[\"Organization\",\"Place\"],\"@id\":\"https:\\\/\\\/techauch.de\\\/#organization\",\"name\":\"TechAuch Solutions\",\"url\":\"https:\\\/\\\/techauch.de\\\/\",\"logo\":{\"@id\":\"https:\\\/\\\/techauch.de\\\/praxis\\\/termin\\\/#local-main-organization-logo\"},\"image\":{\"@id\":\"https:\\\/\\\/techauch.de\\\/praxis\\\/termin\\\/#local-main-organization-logo\"},\"sameAs\":[\"https:\\\/\\\/www.facebook.com\\\/techauchsolutions\\\/\",\"https:\\\/\\\/x.com\\\/techauchs\",\"https:\\\/\\\/www.instagram.com\\\/techauchsolutions\\\/\"],\"ownershipFundingInfo\":\"https:\\\/\\\/techauch.de\\\/datenschutzerklaerung\\\/\",\"telephone\":[],\"openingHoursSpecification\":[{\"@type\":\"OpeningHoursSpecification\",\"dayOfWeek\":[\"Monday\",\"Tuesday\",\"Wednesday\",\"Thursday\",\"Friday\",\"Saturday\",\"Sunday\"],\"opens\":\"09:00\",\"closes\":\"17:00\"}]},{\"@type\":\"Person\",\"@id\":\"https:\\\/\\\/techauch.de\\\/#\\\/schema\\\/person\\\/fe32d3fba812cce3abfaa16fc6dea45a\",\"name\":\"M.Riaz\",\"image\":{\"@type\":\"ImageObject\",\"inLanguage\":\"en-US\",\"@id\":\"https:\\\/\\\/secure.gravatar.com\\\/avatar\\\/10adc785ab4f26c94bdf7259794c1a49c37bda43673a01ea67570506b36ddeff?s=96&d=mm&r=g\",\"url\":\"https:\\\/\\\/secure.gravatar.com\\\/avatar\\\/10adc785ab4f26c94bdf7259794c1a49c37bda43673a01ea67570506b36ddeff?s=96&d=mm&r=g\",\"contentUrl\":\"https:\\\/\\\/secure.gravatar.com\\\/avatar\\\/10adc785ab4f26c94bdf7259794c1a49c37bda43673a01ea67570506b36ddeff?s=96&d=mm&r=g\",\"caption\":\"M.Riaz\"}},{\"@type\":\"ImageObject\",\"inLanguage\":\"en-US\",\"@id\":\"https:\\\/\\\/techauch.de\\\/praxis\\\/termin\\\/#local-main-organization-logo\",\"url\":\"https:\\\/\\\/techauch.de\\\/wp-content\\\/uploads\\\/2025\\\/06\\\/new-logo-09.24-scaled.jpg\",\"contentUrl\":\"https:\\\/\\\/techauch.de\\\/wp-content\\\/uploads\\\/2025\\\/06\\\/new-logo-09.24-scaled.jpg\",\"width\":2560,\"height\":2373,\"caption\":\"TechAuch Solutions\"}]}<\/script>\n<!-- \/ Yoast SEO Premium plugin. -->","yoast_head_json":{"title":"Termin | TechAuch Solutions","description":"Termin TechAuch Solutions","robots":{"index":"index","follow":"follow","max-snippet":"max-snippet:-1","max-image-preview":"max-image-preview:large","max-video-preview":"max-video-preview:-1"},"canonical":"https:\/\/techauch.de\/en\/praxis\/termin\/","og_locale":"en_US","og_type":"article","og_title":"Termin IT f\u00fcr KMU | TechAuch Solutions","og_description":"IT f\u00fcr KMU in M\u00fcnchen & Umgebung: Support, Sicherheit, Netzwerk & Microsoft 365. Beratung buchen und IT endlich sauber aufstellen.","og_url":"https:\/\/techauch.de\/en\/praxis\/termin\/","og_site_name":"TechAuch Solutions","article_publisher":"https:\/\/www.facebook.com\/techauchsolutions\/","article_modified_time":"2026-04-30T21:34:05+00:00","og_image":[{"width":803,"height":531,"url":"https:\/\/techauch.de\/wp-content\/uploads\/2026\/01\/2025-06-12-00_04_21-new-logo-09.24-verkleinert_14.02.jpg-1330\u00d71233.png","type":"image\/png"}],"twitter_card":"summary_large_image","twitter_site":"@techauchs","twitter_misc":{"Est. reading time":"1 minute"},"schema":{"@context":"https:\/\/schema.org","@graph":[{"@type":"Article","@id":"https:\/\/techauch.de\/praxis\/termin\/#article","isPartOf":{"@id":"https:\/\/techauch.de\/praxis\/termin\/"},"author":{"name":"M.Riaz","@id":"https:\/\/techauch.de\/#\/schema\/person\/fe32d3fba812cce3abfaa16fc6dea45a"},"headline":"Termin","datePublished":"2026-04-30T21:28:45+00:00","dateModified":"2026-04-30T21:34:05+00:00","mainEntityOfPage":{"@id":"https:\/\/techauch.de\/praxis\/termin\/"},"wordCount":1,"publisher":{"@id":"https:\/\/techauch.de\/#organization"},"inLanguage":"en-US"},{"@type":"WebPage","@id":"https:\/\/techauch.de\/praxis\/termin\/","url":"https:\/\/techauch.de\/praxis\/termin\/","name":"Termin | TechAuch Solutions","isPartOf":{"@id":"https:\/\/techauch.de\/#website"},"datePublished":"2026-04-30T21:28:45+00:00","dateModified":"2026-04-30T21:34:05+00:00","description":"Termin TechAuch Solutions","breadcrumb":{"@id":"https:\/\/techauch.de\/praxis\/termin\/#breadcrumb"},"inLanguage":"en-US","potentialAction":[{"@type":"ReadAction","target":["https:\/\/techauch.de\/praxis\/termin\/"]}]},{"@type":"BreadcrumbList","@id":"https:\/\/techauch.de\/praxis\/termin\/#breadcrumb","itemListElement":[{"@type":"ListItem","position":1,"name":"Startseite","item":"https:\/\/techauch.de\/"},{"@type":"ListItem","position":2,"name":"IT-Service f\u00fcr Arztpraxen","item":"https:\/\/techauch.de\/praxis\/"},{"@type":"ListItem","position":3,"name":"Termin"}]},{"@type":"WebSite","@id":"https:\/\/techauch.de\/#website","url":"https:\/\/techauch.de\/","name":"TechAuch Solutions","description":"IT Service f\u00fcr KMU &amp; Praxen","publisher":{"@id":"https:\/\/techauch.de\/#organization"},"potentialAction":[{"@type":"SearchAction","target":{"@type":"EntryPoint","urlTemplate":"https:\/\/techauch.de\/?s={search_term_string}"},"query-input":{"@type":"PropertyValueSpecification","valueRequired":true,"valueName":"search_term_string"}}],"inLanguage":"en-US"},{"@type":["Organization","Place"],"@id":"https:\/\/techauch.de\/#organization","name":"TechAuch Solutions","url":"https:\/\/techauch.de\/","logo":{"@id":"https:\/\/techauch.de\/praxis\/termin\/#local-main-organization-logo"},"image":{"@id":"https:\/\/techauch.de\/praxis\/termin\/#local-main-organization-logo"},"sameAs":["https:\/\/www.facebook.com\/techauchsolutions\/","https:\/\/x.com\/techauchs","https:\/\/www.instagram.com\/techauchsolutions\/"],"ownershipFundingInfo":"https:\/\/techauch.de\/datenschutzerklaerung\/","telephone":[],"openingHoursSpecification":[{"@type":"OpeningHoursSpecification","dayOfWeek":["Monday","Tuesday","Wednesday","Thursday","Friday","Saturday","Sunday"],"opens":"09:00","closes":"17:00"}]},{"@type":"Person","@id":"https:\/\/techauch.de\/#\/schema\/person\/fe32d3fba812cce3abfaa16fc6dea45a","name":"M.Riaz","image":{"@type":"ImageObject","inLanguage":"en-US","@id":"https:\/\/secure.gravatar.com\/avatar\/10adc785ab4f26c94bdf7259794c1a49c37bda43673a01ea67570506b36ddeff?s=96&d=mm&r=g","url":"https:\/\/secure.gravatar.com\/avatar\/10adc785ab4f26c94bdf7259794c1a49c37bda43673a01ea67570506b36ddeff?s=96&d=mm&r=g","contentUrl":"https:\/\/secure.gravatar.com\/avatar\/10adc785ab4f26c94bdf7259794c1a49c37bda43673a01ea67570506b36ddeff?s=96&d=mm&r=g","caption":"M.Riaz"}},{"@type":"ImageObject","inLanguage":"en-US","@id":"https:\/\/techauch.de\/praxis\/termin\/#local-main-organization-logo","url":"https:\/\/techauch.de\/wp-content\/uploads\/2025\/06\/new-logo-09.24-scaled.jpg","contentUrl":"https:\/\/techauch.de\/wp-content\/uploads\/2025\/06\/new-logo-09.24-scaled.jpg","width":2560,"height":2373,"caption":"TechAuch Solutions"}]}},"_links":{"self":[{"href":"https:\/\/techauch.de\/en\/wp-json\/wp\/v2\/pages\/4468","targetHints":{"allow":["GET"]}}],"collection":[{"href":"https:\/\/techauch.de\/en\/wp-json\/wp\/v2\/pages"}],"about":[{"href":"https:\/\/techauch.de\/en\/wp-json\/wp\/v2\/types\/page"}],"author":[{"embeddable":true,"href":"https:\/\/techauch.de\/en\/wp-json\/wp\/v2\/users\/9"}],"replies":[{"embeddable":true,"href":"https:\/\/techauch.de\/en\/wp-json\/wp\/v2\/comments?post=4468"}],"version-history":[{"count":4,"href":"https:\/\/techauch.de\/en\/wp-json\/wp\/v2\/pages\/4468\/revisions"}],"predecessor-version":[{"id":4476,"href":"https:\/\/techauch.de\/en\/wp-json\/wp\/v2\/pages\/4468\/revisions\/4476"}],"up":[{"embeddable":true,"href":"https:\/\/techauch.de\/en\/wp-json\/wp\/v2\/pages\/4178"}],"wp:attachment":[{"href":"https:\/\/techauch.de\/en\/wp-json\/wp\/v2\/media?parent=4468"}],"curies":[{"name":"wp","href":"https:\/\/api.w.org\/{rel}","templated":true}]}}