{"id":280,"date":"2025-05-21T22:39:45","date_gmt":"2025-05-21T22:39:45","guid":{"rendered":"https:\/\/techauch.de\/impressum\/"},"modified":"2026-03-11T16:08:06","modified_gmt":"2026-03-11T16:08:06","slug":"impressum","status":"publish","type":"page","link":"https:\/\/techauch.de\/en\/impressum\/","title":{"rendered":"Legal notice"},"content":{"rendered":"<div data-elementor-type=\"wp-page\" data-elementor-id=\"280\" class=\"elementor elementor-280\" data-elementor-post-type=\"page\">\n\t\t\t\t<div class=\"elementor-element elementor-element-98b6101 e-flex e-con-boxed e-con e-parent\" data-id=\"98b6101\" data-element_type=\"container\" data-e-type=\"container\">\n\t\t\t\t\t<div class=\"e-con-inner\">\n\t\t\t\t<div class=\"elementor-element elementor-element-8246f04 elementor-widget__width-initial elementor-widget-tablet__width-inherit elementor-widget elementor-widget-heading\" data-id=\"8246f04\" data-element_type=\"widget\" data-e-type=\"widget\" data-widget_type=\"heading.default\">\n\t\t\t\t<div class=\"elementor-widget-container\">\n\t\t\t\t\t<h1 class=\"elementor-heading-title elementor-size-default\">Legal notice<\/h1>\t\t\t\t<\/div>\n\t\t\t\t<\/div>\n\t\t\t\t\t<\/div>\n\t\t\t\t<\/div>\n\t\t<div class=\"elementor-element elementor-element-6e6dc674 e-flex e-con-boxed e-con e-parent\" data-id=\"6e6dc674\" data-element_type=\"container\" data-e-type=\"container\">\n\t\t\t\t\t<div class=\"e-con-inner\">\n\t\t\t\t<div class=\"elementor-element elementor-element-2f46b377 elementor-widget elementor-widget-text-editor\" data-id=\"2f46b377\" data-element_type=\"widget\" data-e-type=\"widget\" data-widget_type=\"text-editor.default\">\n\t\t\t\t<div class=\"elementor-widget-container\">\n\t\t\t\t\t\t\t\t\t<h2><strong>Angaben gem\u00e4\u00df \u00a7 5 TMG<\/strong><\/h2><h2><strong>Anbieter:<\/strong><\/h2><p>Jasha Auch<br \/>TechAuch Solutions\u00a0<br \/>Hufnagelstra\u00dfe 2<br \/>80686 M\u00fcnchen<br \/>Deutschland<\/p><h2><strong>Kontakt:<\/strong><\/h2><p>E-Mail: info@techauch.de<br \/>Web: www.techauch.de<\/p><h2><strong>Umsatzsteuer-ID:<\/strong><\/h2><p>Umsatzsteuer-Identifikationsnummer gem\u00e4\u00df \u00a7 27a UStG: DE344302551<\/p><h2><strong>Steuernummer:<\/strong><\/h2><p>144\/115\/70437<\/p><h2><strong>Handelsart:<\/strong><\/h2><p>Einzelunternehmer\u00a0<\/p><h2><strong>Verantwortlich f\u00fcr den Inhalt nach \u00a7 55 Abs. 2 RStV:<\/strong><\/h2><p>Jasha Auch, Hufnagelstra\u00dfe 2, 80686 M\u00fcnchen<\/p><h2><strong>Haftungsausschluss:<\/strong><\/h2><p>Die Inhalte unserer Seiten wurden mit gr\u00f6\u00dfter Sorgfalt erstellt. F\u00fcr die Richtigkeit, Vollst\u00e4ndigkeit und Aktualit\u00e4t der Inhalte \u00fcbernehmen wir jedoch keine Gew\u00e4hr. Als Diensteanbieter sind wir gem\u00e4\u00df \u00a7 7 Abs.1 TMG f\u00fcr eigene Inhalte auf diesen Seiten nach den allgemeinen Gesetzen verantwortlich.<\/p><h2><strong>Haftung f\u00fcr Links:<\/strong><\/h2><p>Unser Angebot enth\u00e4lt ggf. Links zu externen Webseiten Dritter, auf deren Inhalte wir keinen Einfluss haben. F\u00fcr diese fremden Inhalte \u00fcbernehmen wir keine Gew\u00e4hr. F\u00fcr die Inhalte der verlinkten Seiten ist stets der jeweilige Anbieter oder Betreiber der Seiten verantwortlich.<\/p><h2><strong>Urheberrecht:<\/strong><\/h2><p>Die durch den Seitenbetreiber erstellten Inhalte und Werke auf diesen Seiten unterliegen dem deutschen Urheberrecht. Beitr\u00e4ge Dritter sind entsprechend gekennzeichnet. Die Vervielf\u00e4ltigung, Bearbeitung und Verwertung au\u00dferhalb der Grenzen des Urheberrechts bed\u00fcrfen der schriftlichen Zustimmung des jeweiligen Autors.<\/p><h2><strong>Datenschutz:<\/strong><\/h2><p>Die Nutzung unserer Webseite ist in der Regel ohne Angabe personenbezogener Daten m\u00f6glich. Soweit auf unseren Seiten personenbezogene Daten (z.\u202fB. Name, Anschrift oder E-Mail-Adressen) erhoben werden, erfolgt dies auf freiwilliger Basis.<\/p><h2><strong>Online-Streitbeilegung:<\/strong><\/h2><p>Die Europ\u00e4ische Kommission stellt eine Plattform zur Online-Streitbeilegung bereit:<br \/>https:\/\/ec.europa.eu\/consumers\/odr<br \/>Unsere E-Mail-Adresse finden Sie oben im Impressum.<\/p><h2><strong>Quelle:<\/strong><\/h2><p>Dieses Impressum wurde mit Unterst\u00fctzung von e-recht24.de erstellt und angepasst.<\/p>\t\t\t\t\t\t\t\t<\/div>\n\t\t\t\t<\/div>\n\t\t\t\t\t<\/div>\n\t\t\t\t<\/div>\n\t\t\t\t<\/div>","protected":false},"excerpt":{"rendered":"<p>Impressum Angaben gem\u00e4\u00df \u00a7 5 TMG Anbieter: Jasha AuchTechAuch Solutions\u00a0Hufnagelstra\u00dfe 280686 M\u00fcnchenDeutschland Kontakt: E-Mail: info@techauch.deWeb: www.techauch.de Umsatzsteuer-ID: Umsatzsteuer-Identifikationsnummer gem\u00e4\u00df \u00a7 27a UStG: DE344302551 Steuernummer: 144\/115\/70437 Handelsart: Einzelunternehmer\u00a0 Verantwortlich f\u00fcr den Inhalt nach \u00a7 55 Abs. 2 RStV: Jasha Auch, Hufnagelstra\u00dfe 2, 80686 M\u00fcnchen Haftungsausschluss: Die Inhalte unserer Seiten wurden mit gr\u00f6\u00dfter Sorgfalt erstellt. F\u00fcr die [&hellip;]<\/p>\n","protected":false},"author":1,"featured_media":1291,"parent":0,"menu_order":0,"comment_status":"closed","ping_status":"closed","template":"elementor_header_footer","meta":{"footnotes":""},"class_list":["post-280","page","type-page","status-publish","has-post-thumbnail","hentry"],"yoast_head":"<!-- This site is optimized with the Yoast SEO Premium plugin v27.1 (Yoast SEO v27.5) - https:\/\/yoast.com\/product\/yoast-seo-premium-wordpress\/ -->\n<title>Impressum | TechAuch Solutions<\/title>\n<meta name=\"description\" content=\"Impressum von TechAuch L\u00f6sungen Rechtliche Hinweise, Unternehmensangaben und Kontaktdaten transparent und gem\u00e4\u00df gesetzlicher Vorgaben.....\" \/>\n<meta name=\"robots\" content=\"index, follow, max-snippet:-1, max-image-preview:large, max-video-preview:-1\" \/>\n<link rel=\"canonical\" href=\"https:\/\/techauch.de\/en\/impressum\/\" \/>\n<meta property=\"og:locale\" content=\"en_US\" \/>\n<meta property=\"og:type\" content=\"article\" \/>\n<meta property=\"og:title\" content=\"Impressum IT f\u00fcr KMU | TechAuch Solutions\" \/>\n<meta property=\"og:description\" content=\"IT f\u00fcr KMU in M\u00fcnchen &amp; Umgebung: Support, Sicherheit, Netzwerk &amp; Microsoft 365. Beratung buchen und IT endlich sauber aufstellen.\" \/>\n<meta property=\"og:url\" content=\"https:\/\/techauch.de\/en\/impressum\/\" \/>\n<meta property=\"og:site_name\" content=\"TechAuch Solutions\" \/>\n<meta property=\"article:publisher\" content=\"https:\/\/www.facebook.com\/techauchsolutions\/\" \/>\n<meta property=\"article:modified_time\" content=\"2026-03-11T16:08:06+00:00\" \/>\n<meta property=\"og:image\" content=\"https:\/\/techauch.de\/wp-content\/uploads\/2025\/06\/new-logo-09.24-scaled.jpg\" \/>\n\t<meta property=\"og:image:width\" content=\"2560\" \/>\n\t<meta property=\"og:image:height\" content=\"2373\" \/>\n\t<meta property=\"og:image:type\" content=\"image\/jpeg\" \/>\n<meta name=\"twitter:card\" content=\"summary_large_image\" \/>\n<meta name=\"twitter:site\" content=\"@techauchs\" \/>\n<meta name=\"twitter:label1\" content=\"Est. reading time\" \/>\n\t<meta name=\"twitter:data1\" content=\"2 minutes\" \/>\n<script type=\"application\/ld+json\" class=\"yoast-schema-graph\">{\"@context\":\"https:\\\/\\\/schema.org\",\"@graph\":[{\"@type\":\"Article\",\"@id\":\"https:\\\/\\\/techauch.de\\\/impressum\\\/#article\",\"isPartOf\":{\"@id\":\"https:\\\/\\\/techauch.de\\\/impressum\\\/\"},\"author\":{\"name\":\"jasha.auch@gmail.com\",\"@id\":\"https:\\\/\\\/techauch.de\\\/#\\\/schema\\\/person\\\/5f5f91c95426d2d547a841abc9b0826d\"},\"headline\":\"Impressum\",\"datePublished\":\"2025-05-21T22:39:45+00:00\",\"dateModified\":\"2026-03-11T16:08:06+00:00\",\"mainEntityOfPage\":{\"@id\":\"https:\\\/\\\/techauch.de\\\/impressum\\\/\"},\"wordCount\":251,\"publisher\":{\"@id\":\"https:\\\/\\\/techauch.de\\\/#organization\"},\"image\":{\"@id\":\"https:\\\/\\\/techauch.de\\\/impressum\\\/#primaryimage\"},\"thumbnailUrl\":\"https:\\\/\\\/techauch.de\\\/wp-content\\\/uploads\\\/2025\\\/06\\\/new-logo-09.24-scaled.jpg\",\"inLanguage\":\"en-US\"},{\"@type\":\"WebPage\",\"@id\":\"https:\\\/\\\/techauch.de\\\/impressum\\\/\",\"url\":\"https:\\\/\\\/techauch.de\\\/impressum\\\/\",\"name\":\"Impressum | TechAuch Solutions\",\"isPartOf\":{\"@id\":\"https:\\\/\\\/techauch.de\\\/#website\"},\"primaryImageOfPage\":{\"@id\":\"https:\\\/\\\/techauch.de\\\/impressum\\\/#primaryimage\"},\"image\":{\"@id\":\"https:\\\/\\\/techauch.de\\\/impressum\\\/#primaryimage\"},\"thumbnailUrl\":\"https:\\\/\\\/techauch.de\\\/wp-content\\\/uploads\\\/2025\\\/06\\\/new-logo-09.24-scaled.jpg\",\"datePublished\":\"2025-05-21T22:39:45+00:00\",\"dateModified\":\"2026-03-11T16:08:06+00:00\",\"description\":\"Impressum von TechAuch L\u00f6sungen Rechtliche Hinweise, Unternehmensangaben und Kontaktdaten transparent und gem\u00e4\u00df gesetzlicher Vorgaben.....\",\"breadcrumb\":{\"@id\":\"https:\\\/\\\/techauch.de\\\/impressum\\\/#breadcrumb\"},\"inLanguage\":\"en-US\",\"potentialAction\":[{\"@type\":\"ReadAction\",\"target\":[\"https:\\\/\\\/techauch.de\\\/impressum\\\/\"]}]},{\"@type\":\"ImageObject\",\"inLanguage\":\"en-US\",\"@id\":\"https:\\\/\\\/techauch.de\\\/impressum\\\/#primaryimage\",\"url\":\"https:\\\/\\\/techauch.de\\\/wp-content\\\/uploads\\\/2025\\\/06\\\/new-logo-09.24-scaled.jpg\",\"contentUrl\":\"https:\\\/\\\/techauch.de\\\/wp-content\\\/uploads\\\/2025\\\/06\\\/new-logo-09.24-scaled.jpg\",\"width\":2560,\"height\":2373,\"caption\":\"techauch solutions logo\"},{\"@type\":\"BreadcrumbList\",\"@id\":\"https:\\\/\\\/techauch.de\\\/impressum\\\/#breadcrumb\",\"itemListElement\":[{\"@type\":\"ListItem\",\"position\":1,\"name\":\"Startseite\",\"item\":\"https:\\\/\\\/techauch.de\\\/\"},{\"@type\":\"ListItem\",\"position\":2,\"name\":\"Impressum\"}]},{\"@type\":\"WebSite\",\"@id\":\"https:\\\/\\\/techauch.de\\\/#website\",\"url\":\"https:\\\/\\\/techauch.de\\\/\",\"name\":\"TechAuch Solutions\",\"description\":\"IT Service f\u00fcr KMU &amp; Praxen\",\"publisher\":{\"@id\":\"https:\\\/\\\/techauch.de\\\/#organization\"},\"potentialAction\":[{\"@type\":\"SearchAction\",\"target\":{\"@type\":\"EntryPoint\",\"urlTemplate\":\"https:\\\/\\\/techauch.de\\\/?s={search_term_string}\"},\"query-input\":{\"@type\":\"PropertyValueSpecification\",\"valueRequired\":true,\"valueName\":\"search_term_string\"}}],\"inLanguage\":\"en-US\"},{\"@type\":[\"Organization\",\"Place\"],\"@id\":\"https:\\\/\\\/techauch.de\\\/#organization\",\"name\":\"TechAuch Solutions\",\"url\":\"https:\\\/\\\/techauch.de\\\/\",\"logo\":{\"@id\":\"https:\\\/\\\/techauch.de\\\/impressum\\\/#local-main-organization-logo\"},\"image\":{\"@id\":\"https:\\\/\\\/techauch.de\\\/impressum\\\/#local-main-organization-logo\"},\"sameAs\":[\"https:\\\/\\\/www.facebook.com\\\/techauchsolutions\\\/\",\"https:\\\/\\\/x.com\\\/techauchs\",\"https:\\\/\\\/www.instagram.com\\\/techauchsolutions\\\/\"],\"ownershipFundingInfo\":\"https:\\\/\\\/techauch.de\\\/datenschutzerklaerung\\\/\",\"telephone\":[],\"openingHoursSpecification\":[{\"@type\":\"OpeningHoursSpecification\",\"dayOfWeek\":[\"Monday\",\"Tuesday\",\"Wednesday\",\"Thursday\",\"Friday\",\"Saturday\",\"Sunday\"],\"opens\":\"09:00\",\"closes\":\"17:00\"}]},{\"@type\":\"Person\",\"@id\":\"https:\\\/\\\/techauch.de\\\/#\\\/schema\\\/person\\\/5f5f91c95426d2d547a841abc9b0826d\",\"name\":\"jasha.auch@gmail.com\",\"image\":{\"@type\":\"ImageObject\",\"inLanguage\":\"en-US\",\"@id\":\"https:\\\/\\\/secure.gravatar.com\\\/avatar\\\/62282c8ac9f4ca1c14ea572ab33a339a00bc0cb22f83a4cba9d736a598331e93?s=96&d=mm&r=g\",\"url\":\"https:\\\/\\\/secure.gravatar.com\\\/avatar\\\/62282c8ac9f4ca1c14ea572ab33a339a00bc0cb22f83a4cba9d736a598331e93?s=96&d=mm&r=g\",\"contentUrl\":\"https:\\\/\\\/secure.gravatar.com\\\/avatar\\\/62282c8ac9f4ca1c14ea572ab33a339a00bc0cb22f83a4cba9d736a598331e93?s=96&d=mm&r=g\",\"caption\":\"jasha.auch@gmail.com\"},\"sameAs\":[\"https:\\\/\\\/techauch.de\"]},{\"@type\":\"ImageObject\",\"inLanguage\":\"en-US\",\"@id\":\"https:\\\/\\\/techauch.de\\\/impressum\\\/#local-main-organization-logo\",\"url\":\"https:\\\/\\\/techauch.de\\\/wp-content\\\/uploads\\\/2025\\\/06\\\/new-logo-09.24-scaled.jpg\",\"contentUrl\":\"https:\\\/\\\/techauch.de\\\/wp-content\\\/uploads\\\/2025\\\/06\\\/new-logo-09.24-scaled.jpg\",\"width\":2560,\"height\":2373,\"caption\":\"TechAuch Solutions\"}]}<\/script>\n<!-- \/ Yoast SEO Premium plugin. -->","yoast_head_json":{"title":"Impressum | TechAuch Solutions","description":"Impressum von TechAuch L\u00f6sungen Rechtliche Hinweise, Unternehmensangaben und Kontaktdaten transparent und gem\u00e4\u00df gesetzlicher Vorgaben.....","robots":{"index":"index","follow":"follow","max-snippet":"max-snippet:-1","max-image-preview":"max-image-preview:large","max-video-preview":"max-video-preview:-1"},"canonical":"https:\/\/techauch.de\/en\/impressum\/","og_locale":"en_US","og_type":"article","og_title":"Impressum IT f\u00fcr KMU | TechAuch Solutions","og_description":"IT f\u00fcr KMU in M\u00fcnchen & Umgebung: Support, Sicherheit, Netzwerk & Microsoft 365. Beratung buchen und IT endlich sauber aufstellen.","og_url":"https:\/\/techauch.de\/en\/impressum\/","og_site_name":"TechAuch Solutions","article_publisher":"https:\/\/www.facebook.com\/techauchsolutions\/","article_modified_time":"2026-03-11T16:08:06+00:00","og_image":[{"width":2560,"height":2373,"url":"https:\/\/techauch.de\/wp-content\/uploads\/2025\/06\/new-logo-09.24-scaled.jpg","type":"image\/jpeg"}],"twitter_card":"summary_large_image","twitter_site":"@techauchs","twitter_misc":{"Est. reading time":"2 minutes"},"schema":{"@context":"https:\/\/schema.org","@graph":[{"@type":"Article","@id":"https:\/\/techauch.de\/impressum\/#article","isPartOf":{"@id":"https:\/\/techauch.de\/impressum\/"},"author":{"name":"jasha.auch@gmail.com","@id":"https:\/\/techauch.de\/#\/schema\/person\/5f5f91c95426d2d547a841abc9b0826d"},"headline":"Impressum","datePublished":"2025-05-21T22:39:45+00:00","dateModified":"2026-03-11T16:08:06+00:00","mainEntityOfPage":{"@id":"https:\/\/techauch.de\/impressum\/"},"wordCount":251,"publisher":{"@id":"https:\/\/techauch.de\/#organization"},"image":{"@id":"https:\/\/techauch.de\/impressum\/#primaryimage"},"thumbnailUrl":"https:\/\/techauch.de\/wp-content\/uploads\/2025\/06\/new-logo-09.24-scaled.jpg","inLanguage":"en-US"},{"@type":"WebPage","@id":"https:\/\/techauch.de\/impressum\/","url":"https:\/\/techauch.de\/impressum\/","name":"Impressum | TechAuch Solutions","isPartOf":{"@id":"https:\/\/techauch.de\/#website"},"primaryImageOfPage":{"@id":"https:\/\/techauch.de\/impressum\/#primaryimage"},"image":{"@id":"https:\/\/techauch.de\/impressum\/#primaryimage"},"thumbnailUrl":"https:\/\/techauch.de\/wp-content\/uploads\/2025\/06\/new-logo-09.24-scaled.jpg","datePublished":"2025-05-21T22:39:45+00:00","dateModified":"2026-03-11T16:08:06+00:00","description":"Impressum von TechAuch L\u00f6sungen Rechtliche Hinweise, Unternehmensangaben und Kontaktdaten transparent und gem\u00e4\u00df gesetzlicher Vorgaben.....","breadcrumb":{"@id":"https:\/\/techauch.de\/impressum\/#breadcrumb"},"inLanguage":"en-US","potentialAction":[{"@type":"ReadAction","target":["https:\/\/techauch.de\/impressum\/"]}]},{"@type":"ImageObject","inLanguage":"en-US","@id":"https:\/\/techauch.de\/impressum\/#primaryimage","url":"https:\/\/techauch.de\/wp-content\/uploads\/2025\/06\/new-logo-09.24-scaled.jpg","contentUrl":"https:\/\/techauch.de\/wp-content\/uploads\/2025\/06\/new-logo-09.24-scaled.jpg","width":2560,"height":2373,"caption":"techauch solutions logo"},{"@type":"BreadcrumbList","@id":"https:\/\/techauch.de\/impressum\/#breadcrumb","itemListElement":[{"@type":"ListItem","position":1,"name":"Startseite","item":"https:\/\/techauch.de\/"},{"@type":"ListItem","position":2,"name":"Impressum"}]},{"@type":"WebSite","@id":"https:\/\/techauch.de\/#website","url":"https:\/\/techauch.de\/","name":"TechAuch Solutions","description":"IT Service f\u00fcr KMU &amp; Praxen","publisher":{"@id":"https:\/\/techauch.de\/#organization"},"potentialAction":[{"@type":"SearchAction","target":{"@type":"EntryPoint","urlTemplate":"https:\/\/techauch.de\/?s={search_term_string}"},"query-input":{"@type":"PropertyValueSpecification","valueRequired":true,"valueName":"search_term_string"}}],"inLanguage":"en-US"},{"@type":["Organization","Place"],"@id":"https:\/\/techauch.de\/#organization","name":"TechAuch Solutions","url":"https:\/\/techauch.de\/","logo":{"@id":"https:\/\/techauch.de\/impressum\/#local-main-organization-logo"},"image":{"@id":"https:\/\/techauch.de\/impressum\/#local-main-organization-logo"},"sameAs":["https:\/\/www.facebook.com\/techauchsolutions\/","https:\/\/x.com\/techauchs","https:\/\/www.instagram.com\/techauchsolutions\/"],"ownershipFundingInfo":"https:\/\/techauch.de\/datenschutzerklaerung\/","telephone":[],"openingHoursSpecification":[{"@type":"OpeningHoursSpecification","dayOfWeek":["Monday","Tuesday","Wednesday","Thursday","Friday","Saturday","Sunday"],"opens":"09:00","closes":"17:00"}]},{"@type":"Person","@id":"https:\/\/techauch.de\/#\/schema\/person\/5f5f91c95426d2d547a841abc9b0826d","name":"jasha.auch@gmail.com","image":{"@type":"ImageObject","inLanguage":"en-US","@id":"https:\/\/secure.gravatar.com\/avatar\/62282c8ac9f4ca1c14ea572ab33a339a00bc0cb22f83a4cba9d736a598331e93?s=96&d=mm&r=g","url":"https:\/\/secure.gravatar.com\/avatar\/62282c8ac9f4ca1c14ea572ab33a339a00bc0cb22f83a4cba9d736a598331e93?s=96&d=mm&r=g","contentUrl":"https:\/\/secure.gravatar.com\/avatar\/62282c8ac9f4ca1c14ea572ab33a339a00bc0cb22f83a4cba9d736a598331e93?s=96&d=mm&r=g","caption":"jasha.auch@gmail.com"},"sameAs":["https:\/\/techauch.de"]},{"@type":"ImageObject","inLanguage":"en-US","@id":"https:\/\/techauch.de\/impressum\/#local-main-organization-logo","url":"https:\/\/techauch.de\/wp-content\/uploads\/2025\/06\/new-logo-09.24-scaled.jpg","contentUrl":"https:\/\/techauch.de\/wp-content\/uploads\/2025\/06\/new-logo-09.24-scaled.jpg","width":2560,"height":2373,"caption":"TechAuch Solutions"}]}},"_links":{"self":[{"href":"https:\/\/techauch.de\/en\/wp-json\/wp\/v2\/pages\/280","targetHints":{"allow":["GET"]}}],"collection":[{"href":"https:\/\/techauch.de\/en\/wp-json\/wp\/v2\/pages"}],"about":[{"href":"https:\/\/techauch.de\/en\/wp-json\/wp\/v2\/types\/page"}],"author":[{"embeddable":true,"href":"https:\/\/techauch.de\/en\/wp-json\/wp\/v2\/users\/1"}],"replies":[{"embeddable":true,"href":"https:\/\/techauch.de\/en\/wp-json\/wp\/v2\/comments?post=280"}],"version-history":[{"count":24,"href":"https:\/\/techauch.de\/en\/wp-json\/wp\/v2\/pages\/280\/revisions"}],"predecessor-version":[{"id":3430,"href":"https:\/\/techauch.de\/en\/wp-json\/wp\/v2\/pages\/280\/revisions\/3430"}],"wp:featuredmedia":[{"embeddable":true,"href":"https:\/\/techauch.de\/en\/wp-json\/wp\/v2\/media\/1291"}],"wp:attachment":[{"href":"https:\/\/techauch.de\/en\/wp-json\/wp\/v2\/media?parent=280"}],"curies":[{"name":"wp","href":"https:\/\/api.w.org\/{rel}","templated":true}]}}