{"id":276,"date":"2025-05-21T22:39:45","date_gmt":"2025-05-21T22:39:45","guid":{"rendered":"https:\/\/techauch.de\/standort\/"},"modified":"2026-03-11T21:06:02","modified_gmt":"2026-03-11T21:06:02","slug":"standort","status":"publish","type":"page","link":"https:\/\/techauch.de\/en\/standort\/","title":{"rendered":"Our Locations"},"content":{"rendered":"<div data-elementor-type=\"wp-page\" data-elementor-id=\"276\" class=\"elementor elementor-276\" data-elementor-post-type=\"page\">\n\t\t\t\t<div class=\"elementor-element elementor-element-26b3e6e e-flex e-con-boxed e-con e-parent\" data-id=\"26b3e6e\" data-element_type=\"container\" data-e-type=\"container\">\n\t\t\t\t\t<div class=\"e-con-inner\">\n\t\t<div class=\"elementor-element elementor-element-43552a4 e-con-full e-flex e-con e-child\" data-id=\"43552a4\" data-element_type=\"container\" data-e-type=\"container\">\n\t\t\t\t<div class=\"elementor-element elementor-element-95d84d0 elementor-widget elementor-widget-text-editor\" data-id=\"95d84d0\" data-element_type=\"widget\" data-e-type=\"widget\" data-widget_type=\"text-editor.default\">\n\t\t\t\t<div class=\"elementor-widget-container\">\n\t\t\t\t\t\t\t\t\t<p class=\"eyebrow\">Your local IT partner in the greater Munich area<\/p>\t\t\t\t\t\t\t\t<\/div>\n\t\t\t\t<\/div>\n\t\t\t\t<div class=\"elementor-element elementor-element-4854b9d elementor-widget elementor-widget-heading\" data-id=\"4854b9d\" data-element_type=\"widget\" data-e-type=\"widget\" data-widget_type=\"heading.default\">\n\t\t\t\t<div class=\"elementor-widget-container\">\n\t\t\t\t\t<h1 class=\"elementor-heading-title elementor-size-default\">Your local IT experts: Our locations<\/h1>\t\t\t\t<\/div>\n\t\t\t\t<\/div>\n\t\t\t\t<div class=\"elementor-element elementor-element-4df74fe elementor-widget elementor-widget-text-editor\" data-id=\"4df74fe\" data-element_type=\"widget\" data-e-type=\"widget\" data-widget_type=\"text-editor.default\">\n\t\t\t\t<div class=\"elementor-widget-container\">\n\t\t\t\t\t\t\t\t\tFrom our headquarters in Munich, we provide companies throughout the region with first-class IT support and managed services.\t\t\t\t\t\t\t\t<\/div>\n\t\t\t\t<\/div>\n\t\t<div class=\"elementor-element elementor-element-b2bf779 e-con-full e-flex e-con e-child\" data-id=\"b2bf779\" data-element_type=\"container\" data-e-type=\"container\">\n\t\t\t\t<div class=\"elementor-element elementor-element-dc0f604 elementor-widget elementor-widget-button\" data-id=\"dc0f604\" data-element_type=\"widget\" data-e-type=\"widget\" data-widget_type=\"button.default\">\n\t\t\t\t<div class=\"elementor-widget-container\">\n\t\t\t\t\t\t\t\t\t<div class=\"elementor-button-wrapper\">\n\t\t\t\t\t<a class=\"elementor-button elementor-button-link elementor-size-sm\" href=\"https:\/\/techauch.de\/en\/termin\/\">\n\t\t\t\t\t\t<span class=\"elementor-button-content-wrapper\">\n\t\t\t\t\t\t\t\t\t<span class=\"elementor-button-text\">Free initial consultation<\/span>\n\t\t\t\t\t<\/span>\n\t\t\t\t\t<\/a>\n\t\t\t\t<\/div>\n\t\t\t\t\t\t\t\t<\/div>\n\t\t\t\t<\/div>\n\t\t\t\t<div class=\"elementor-element elementor-element-caba8b3 elementor-widget__width-auto elementor-widget elementor-widget-button\" data-id=\"caba8b3\" data-element_type=\"widget\" data-e-type=\"widget\" data-widget_type=\"button.default\">\n\t\t\t\t<div class=\"elementor-widget-container\">\n\t\t\t\t\t\t\t\t\t<div class=\"elementor-button-wrapper\">\n\t\t\t\t\t<a class=\"elementor-button elementor-button-link elementor-size-sm\" href=\"https:\/\/techauch.de\/en\/leistungen\/\" target=\"_blank\">\n\t\t\t\t\t\t<span class=\"elementor-button-content-wrapper\">\n\t\t\t\t\t\t\t\t\t<span class=\"elementor-button-text\">Our IT solutions<\/span>\n\t\t\t\t\t<\/span>\n\t\t\t\t\t<\/a>\n\t\t\t\t<\/div>\n\t\t\t\t\t\t\t\t<\/div>\n\t\t\t\t<\/div>\n\t\t\t\t<\/div>\n\t\t\t\t<\/div>\n\t\t<div class=\"elementor-element elementor-element-31b2547 e-con-full e-flex e-con e-child\" data-id=\"31b2547\" data-element_type=\"container\" data-e-type=\"container\">\n\t\t\t\t<div class=\"elementor-element elementor-element-eab6bcf elementor-widget elementor-widget-image\" data-id=\"eab6bcf\" data-element_type=\"widget\" data-e-type=\"widget\" data-widget_type=\"image.default\">\n\t\t\t\t<div class=\"elementor-widget-container\">\n\t\t\t\t\t\t\t\t\t\t\t\t\t\t\t<img decoding=\"async\" src=\"https:\/\/techauch.de\/wp-content\/uploads\/elementor\/thumbs\/imgi_7_night-panorama-marienplatz-munich-city-hall-munich-germany_73503-479-rk82tz6omly646fg9rzb8w3apj8ygxe0ngtsxmzyoc.webp\" title=\"IT-Service-Standorte-Muenchen-TechAuch\" alt=\"Moderne M\u00fcnchener Skyline mit einer digitalen Netzwerk-Grafik \u00fcberlagert, die den IT-Service-Hauptsitz von TechAuch Solutions in M\u00fcnchen darstellt\" loading=\"lazy\" \/>\t\t\t\t\t\t\t\t\t\t\t\t\t\t\t<\/div>\n\t\t\t\t<\/div>\n\t\t\t\t<\/div>\n\t\t\t\t\t<\/div>\n\t\t\t\t<\/div>\n\t\t<div class=\"elementor-element elementor-element-3e6bedd e-flex e-con-boxed e-con e-parent\" data-id=\"3e6bedd\" data-element_type=\"container\" data-e-type=\"container\">\n\t\t\t\t\t<div class=\"e-con-inner\">\n\t\t\t\t<div class=\"elementor-element elementor-element-5021485 elementor-widget__width-initial elementor-widget-mobile__width-inherit elementor-widget elementor-widget-heading\" data-id=\"5021485\" data-element_type=\"widget\" data-e-type=\"widget\" data-widget_type=\"heading.default\">\n\t\t\t\t<div class=\"elementor-widget-container\">\n\t\t\t\t\t<h2 class=\"elementor-heading-title elementor-size-default\">Our locations<\/h2>\t\t\t\t<\/div>\n\t\t\t\t<\/div>\n\t\t<div class=\"elementor-element elementor-element-a2015b9 e-con-full e-flex e-con e-child\" data-id=\"a2015b9\" data-element_type=\"container\" data-e-type=\"container\">\n\t\t<a class=\"elementor-element elementor-element-c487729 e-con-full location-card e-flex e-con e-child\" data-id=\"c487729\" data-element_type=\"container\" data-e-type=\"container\" data-settings=\"{&quot;background_background&quot;:&quot;classic&quot;}\" href=\"https:\/\/techauch.de\/en\">\n\t\t\t\t<div class=\"elementor-element elementor-element-e2f418a elementor-widget elementor-widget-heading\" data-id=\"e2f418a\" data-element_type=\"widget\" data-e-type=\"widget\" data-widget_type=\"heading.default\">\n\t\t\t\t<div class=\"elementor-widget-container\">\n\t\t\t\t\t<h2 class=\"elementor-heading-title elementor-size-default\">Munich (headquarters)<\/h2>\t\t\t\t<\/div>\n\t\t\t\t<\/div>\n\t\t\t\t<\/a>\n\t\t<a class=\"elementor-element elementor-element-d9f6b75 e-con-full location-card e-flex e-con e-child\" data-id=\"d9f6b75\" data-element_type=\"container\" data-e-type=\"container\" data-settings=\"{&quot;background_background&quot;:&quot;classic&quot;}\" href=\"https:\/\/techauch.de\/en\/standort\/starnberg\/\">\n\t\t\t\t<div class=\"elementor-element elementor-element-e922b4c elementor-widget elementor-widget-heading\" data-id=\"e922b4c\" data-element_type=\"widget\" data-e-type=\"widget\" data-widget_type=\"heading.default\">\n\t\t\t\t<div class=\"elementor-widget-container\">\n\t\t\t\t\t<h2 class=\"elementor-heading-title elementor-size-default\">Starnberg<\/h2>\t\t\t\t<\/div>\n\t\t\t\t<\/div>\n\t\t\t\t<\/a>\n\t\t<a class=\"elementor-element elementor-element-6a4cb87 e-con-full location-card e-flex e-con e-child\" data-id=\"6a4cb87\" data-element_type=\"container\" data-e-type=\"container\" data-settings=\"{&quot;background_background&quot;:&quot;classic&quot;}\" href=\"https:\/\/techauch.de\/en\/standort\/taufkirchen\/\">\n\t\t\t\t<div class=\"elementor-element elementor-element-c45248a elementor-widget elementor-widget-heading\" data-id=\"c45248a\" data-element_type=\"widget\" data-e-type=\"widget\" data-widget_type=\"heading.default\">\n\t\t\t\t<div class=\"elementor-widget-container\">\n\t\t\t\t\t<h2 class=\"elementor-heading-title elementor-size-default\">Taufkirchen<\/h2>\t\t\t\t<\/div>\n\t\t\t\t<\/div>\n\t\t\t\t<\/a>\n\t\t<a class=\"elementor-element elementor-element-e88608d e-con-full location-card e-flex e-con e-child\" data-id=\"e88608d\" data-element_type=\"container\" data-e-type=\"container\" data-settings=\"{&quot;background_background&quot;:&quot;classic&quot;}\" href=\"https:\/\/techauch.de\/en\/standort\/rosenheim\/\">\n\t\t\t\t<div class=\"elementor-element elementor-element-11a5baf elementor-widget elementor-widget-heading\" data-id=\"11a5baf\" data-element_type=\"widget\" data-e-type=\"widget\" data-widget_type=\"heading.default\">\n\t\t\t\t<div class=\"elementor-widget-container\">\n\t\t\t\t\t<h2 class=\"elementor-heading-title elementor-size-default\">Rosenheim<\/h2>\t\t\t\t<\/div>\n\t\t\t\t<\/div>\n\t\t\t\t<\/a>\n\t\t<a class=\"elementor-element elementor-element-c17b55d e-con-full location-card e-flex e-con e-child\" data-id=\"c17b55d\" data-element_type=\"container\" data-e-type=\"container\" data-settings=\"{&quot;background_background&quot;:&quot;classic&quot;}\" href=\"https:\/\/techauch.de\/en\/standort\/augsburg\/\">\n\t\t\t\t<div class=\"elementor-element elementor-element-7bd0857 elementor-widget elementor-widget-heading\" data-id=\"7bd0857\" data-element_type=\"widget\" data-e-type=\"widget\" data-widget_type=\"heading.default\">\n\t\t\t\t<div class=\"elementor-widget-container\">\n\t\t\t\t\t<h2 class=\"elementor-heading-title elementor-size-default\">Augsburg<\/h2>\t\t\t\t<\/div>\n\t\t\t\t<\/div>\n\t\t\t\t<\/a>\n\t\t\t\t<\/div>\n\t\t\t\t\t<\/div>\n\t\t\t\t<\/div>\n\t\t<div class=\"elementor-element elementor-element-a5e1809 e-flex e-con-boxed e-con e-parent\" data-id=\"a5e1809\" data-element_type=\"container\" data-e-type=\"container\">\n\t\t\t\t\t<div class=\"e-con-inner\">\n\t\t\t\t<div class=\"elementor-element elementor-element-a3a6d27 elementor-widget elementor-widget-heading\" data-id=\"a3a6d27\" data-element_type=\"widget\" data-e-type=\"widget\" data-widget_type=\"heading.default\">\n\t\t\t\t<div class=\"elementor-widget-container\">\n\t\t\t\t\t<h2 class=\"elementor-heading-title elementor-size-default\">Our IT systems house location in Munich<\/h2>\t\t\t\t<\/div>\n\t\t\t\t<\/div>\n\t\t<div class=\"elementor-element elementor-element-ebc7b5b e-con-full e-flex e-con e-child\" data-id=\"ebc7b5b\" data-element_type=\"container\" data-e-type=\"container\">\n\t\t\t\t<div class=\"elementor-element elementor-element-d0f3eab elementor-widget elementor-widget-google_maps\" data-id=\"d0f3eab\" data-element_type=\"widget\" data-e-type=\"widget\" data-widget_type=\"google_maps.default\">\n\t\t\t\t<div class=\"elementor-widget-container\">\n\t\t\t\t\t\t\t<div class=\"elementor-custom-embed\">\n\t\t\t<iframe loading=\"lazy\"\n\t\t\t\t\tsrc=\"https:\/\/maps.google.com\/maps?q=Techauch%20Solutions%2C%20Hufnagelstra%C3%9Fe%202%2C%2080686%20M%C3%BCnchen%2C%20Germany&#038;t=m&#038;z=10&#038;output=embed&#038;iwloc=near\"\n\t\t\t\t\ttitle=\"Techauch Solutions, Hufnagelstra\u00dfe 2, 80686 M\u00fcnchen, Germany\"\n\t\t\t\t\taria-label=\"Techauch Solutions, Hufnagelstra\u00dfe 2, 80686 M\u00fcnchen, Germany\"\n\t\t\t><\/iframe>\n\t\t<\/div>\n\t\t\t\t\t\t<\/div>\n\t\t\t\t<\/div>\n\t\t\t\t<div class=\"elementor-element elementor-element-c3bcd34 elementor-widget elementor-widget-html\" data-id=\"c3bcd34\" data-element_type=\"widget\" data-e-type=\"widget\" data-widget_type=\"html.default\">\n\t\t\t\t<div class=\"elementor-widget-container\">\n\t\t\t\t\t\n<address>\n<strong>TechAuch Solutions<\/strong>\n\n\n\nHufnagelstr. 2\n\n\n\n80686 M\u00fcnchen\n<\/address>\t\t\t\t<\/div>\n\t\t\t\t<\/div>\n\t\t\t\t<\/div>\n\t\t\t\t\t<\/div>\n\t\t\t\t<\/div>\n\t\t\t\t<\/div>","protected":false},"excerpt":{"rendered":"<p>Ihr lokaler IT-Partner im Gro\u00dfraum M\u00fcnchen Ihre IT-Experten vor Ort: Unsere Standorte Von unserem Hauptsitz in M\u00fcnchen aus betreuen wir Unternehmen in der gesamten Region mit erstklassigem IT-Support und Managed Services. Kostenfreies Erstgespr\u00e4ch Zu unseren IT-L\u00f6sungen Unsere Standorte M\u00fcnchen (Hauptsitz) Starnberg Taufkirchen Rosenheim Augsburg Unser IT-Systemhaus Standort in M\u00fcnchen TechAuch Solutions Hufnagelstr. 2 80686 M\u00fcnchen<\/p>","protected":false},"author":1,"featured_media":0,"parent":0,"menu_order":0,"comment_status":"closed","ping_status":"closed","template":"","meta":{"footnotes":""},"class_list":["post-276","page","type-page","status-publish","hentry"],"yoast_head":"<!-- This site is optimized with the Yoast SEO Premium plugin v27.1 (Yoast SEO v27.5) - https:\/\/yoast.com\/product\/yoast-seo-premium-wordpress\/ -->\n<title>IT-Partner Gro\u00dfraum M\u00fcnchen: Unsere Standorte | TechAuch Solutions<\/title>\n<meta name=\"description\" content=\"Ihr zuverl\u00e4ssiger IT-Partner im Gro\u00dfraum M\u00fcnchen. Wir betreuen Unternehmen in M\u00fcnchen, Starnberg, Taufkirchen und Rosenheim mit professionellen IT-L\u00f6sungen.\" \/>\n<meta name=\"robots\" content=\"index, follow, max-snippet:-1, max-image-preview:large, max-video-preview:-1\" \/>\n<link rel=\"canonical\" href=\"https:\/\/techauch.de\/en\/standort\/\" \/>\n<meta property=\"og:locale\" content=\"en_US\" \/>\n<meta property=\"og:type\" content=\"article\" \/>\n<meta property=\"og:title\" content=\"Standort IT f\u00fcr KMU | TechAuch Solutions\" \/>\n<meta property=\"og:description\" content=\"IT f\u00fcr KMU in M\u00fcnchen &amp; Umgebung: Support, Sicherheit, Netzwerk &amp; Microsoft 365. Beratung buchen und IT endlich sauber aufstellen.\" \/>\n<meta property=\"og:url\" content=\"https:\/\/techauch.de\/en\/standort\/\" \/>\n<meta property=\"og:site_name\" content=\"TechAuch Solutions\" \/>\n<meta property=\"article:publisher\" content=\"https:\/\/www.facebook.com\/techauchsolutions\/\" \/>\n<meta property=\"article:modified_time\" content=\"2026-03-11T21:06:02+00:00\" \/>\n<meta property=\"og:image\" content=\"https:\/\/techauch.de\/wp-content\/uploads\/elementor\/thumbs\/imgi_7_night-panorama-marienplatz-munich-city-hall-munich-germany_73503-479-rk82tz6omly646fg9rzb8w3apj8ygxe0ngtslef37k.webp\" \/>\n<meta name=\"twitter:card\" content=\"summary_large_image\" \/>\n<meta name=\"twitter:site\" content=\"@techauchs\" \/>\n<meta name=\"twitter:label1\" content=\"Est. reading time\" \/>\n\t<meta name=\"twitter:data1\" content=\"1 minute\" \/>\n<script type=\"application\/ld+json\" class=\"yoast-schema-graph\">{\"@context\":\"https:\\\/\\\/schema.org\",\"@graph\":[{\"@type\":\"Article\",\"@id\":\"https:\\\/\\\/techauch.de\\\/standort\\\/#article\",\"isPartOf\":{\"@id\":\"https:\\\/\\\/techauch.de\\\/standort\\\/\"},\"author\":{\"name\":\"jasha.auch@gmail.com\",\"@id\":\"https:\\\/\\\/techauch.de\\\/#\\\/schema\\\/person\\\/5f5f91c95426d2d547a841abc9b0826d\"},\"headline\":\"Standort\",\"datePublished\":\"2025-05-21T22:39:45+00:00\",\"dateModified\":\"2026-03-11T21:06:02+00:00\",\"mainEntityOfPage\":{\"@id\":\"https:\\\/\\\/techauch.de\\\/standort\\\/\"},\"wordCount\":62,\"publisher\":{\"@id\":\"https:\\\/\\\/techauch.de\\\/#organization\"},\"image\":{\"@id\":\"https:\\\/\\\/techauch.de\\\/standort\\\/#primaryimage\"},\"thumbnailUrl\":\"https:\\\/\\\/techauch.de\\\/wp-content\\\/uploads\\\/elementor\\\/thumbs\\\/imgi_7_night-panorama-marienplatz-munich-city-hall-munich-germany_73503-479-rk82tz6omly646fg9rzb8w3apj8ygxe0ngtslef37k.webp\",\"inLanguage\":\"en-US\"},{\"@type\":\"WebPage\",\"@id\":\"https:\\\/\\\/techauch.de\\\/standort\\\/\",\"url\":\"https:\\\/\\\/techauch.de\\\/standort\\\/\",\"name\":\"IT-Partner Gro\u00dfraum M\u00fcnchen: Unsere Standorte | TechAuch Solutions\",\"isPartOf\":{\"@id\":\"https:\\\/\\\/techauch.de\\\/#website\"},\"primaryImageOfPage\":{\"@id\":\"https:\\\/\\\/techauch.de\\\/standort\\\/#primaryimage\"},\"image\":{\"@id\":\"https:\\\/\\\/techauch.de\\\/standort\\\/#primaryimage\"},\"thumbnailUrl\":\"https:\\\/\\\/techauch.de\\\/wp-content\\\/uploads\\\/elementor\\\/thumbs\\\/imgi_7_night-panorama-marienplatz-munich-city-hall-munich-germany_73503-479-rk82tz6omly646fg9rzb8w3apj8ygxe0ngtslef37k.webp\",\"datePublished\":\"2025-05-21T22:39:45+00:00\",\"dateModified\":\"2026-03-11T21:06:02+00:00\",\"description\":\"Ihr zuverl\u00e4ssiger IT-Partner im Gro\u00dfraum M\u00fcnchen. Wir betreuen Unternehmen in M\u00fcnchen, Starnberg, Taufkirchen und Rosenheim mit professionellen IT-L\u00f6sungen.\",\"breadcrumb\":{\"@id\":\"https:\\\/\\\/techauch.de\\\/standort\\\/#breadcrumb\"},\"inLanguage\":\"en-US\",\"potentialAction\":[{\"@type\":\"ReadAction\",\"target\":[\"https:\\\/\\\/techauch.de\\\/standort\\\/\"]}]},{\"@type\":\"ImageObject\",\"inLanguage\":\"en-US\",\"@id\":\"https:\\\/\\\/techauch.de\\\/standort\\\/#primaryimage\",\"url\":\"https:\\\/\\\/techauch.de\\\/wp-content\\\/uploads\\\/elementor\\\/thumbs\\\/imgi_7_night-panorama-marienplatz-munich-city-hall-munich-germany_73503-479-rk82tz6omly646fg9rzb8w3apj8ygxe0ngtslef37k.webp\",\"contentUrl\":\"https:\\\/\\\/techauch.de\\\/wp-content\\\/uploads\\\/elementor\\\/thumbs\\\/imgi_7_night-panorama-marienplatz-munich-city-hall-munich-germany_73503-479-rk82tz6omly646fg9rzb8w3apj8ygxe0ngtslef37k.webp\"},{\"@type\":\"BreadcrumbList\",\"@id\":\"https:\\\/\\\/techauch.de\\\/standort\\\/#breadcrumb\",\"itemListElement\":[{\"@type\":\"ListItem\",\"position\":1,\"name\":\"Startseite\",\"item\":\"https:\\\/\\\/techauch.de\\\/\"},{\"@type\":\"ListItem\",\"position\":2,\"name\":\"Standort\"}]},{\"@type\":\"WebSite\",\"@id\":\"https:\\\/\\\/techauch.de\\\/#website\",\"url\":\"https:\\\/\\\/techauch.de\\\/\",\"name\":\"TechAuch Solutions\",\"description\":\"IT Service f\u00fcr KMU &amp; Praxen\",\"publisher\":{\"@id\":\"https:\\\/\\\/techauch.de\\\/#organization\"},\"potentialAction\":[{\"@type\":\"SearchAction\",\"target\":{\"@type\":\"EntryPoint\",\"urlTemplate\":\"https:\\\/\\\/techauch.de\\\/?s={search_term_string}\"},\"query-input\":{\"@type\":\"PropertyValueSpecification\",\"valueRequired\":true,\"valueName\":\"search_term_string\"}}],\"inLanguage\":\"en-US\"},{\"@type\":[\"Organization\",\"Place\"],\"@id\":\"https:\\\/\\\/techauch.de\\\/#organization\",\"name\":\"TechAuch Solutions\",\"url\":\"https:\\\/\\\/techauch.de\\\/\",\"logo\":{\"@id\":\"https:\\\/\\\/techauch.de\\\/standort\\\/#local-main-organization-logo\"},\"image\":{\"@id\":\"https:\\\/\\\/techauch.de\\\/standort\\\/#local-main-organization-logo\"},\"sameAs\":[\"https:\\\/\\\/www.facebook.com\\\/techauchsolutions\\\/\",\"https:\\\/\\\/x.com\\\/techauchs\",\"https:\\\/\\\/www.instagram.com\\\/techauchsolutions\\\/\"],\"ownershipFundingInfo\":\"https:\\\/\\\/techauch.de\\\/datenschutzerklaerung\\\/\",\"telephone\":[],\"openingHoursSpecification\":[{\"@type\":\"OpeningHoursSpecification\",\"dayOfWeek\":[\"Monday\",\"Tuesday\",\"Wednesday\",\"Thursday\",\"Friday\",\"Saturday\",\"Sunday\"],\"opens\":\"09:00\",\"closes\":\"17:00\"}]},{\"@type\":\"Person\",\"@id\":\"https:\\\/\\\/techauch.de\\\/#\\\/schema\\\/person\\\/5f5f91c95426d2d547a841abc9b0826d\",\"name\":\"jasha.auch@gmail.com\",\"image\":{\"@type\":\"ImageObject\",\"inLanguage\":\"en-US\",\"@id\":\"https:\\\/\\\/secure.gravatar.com\\\/avatar\\\/62282c8ac9f4ca1c14ea572ab33a339a00bc0cb22f83a4cba9d736a598331e93?s=96&d=mm&r=g\",\"url\":\"https:\\\/\\\/secure.gravatar.com\\\/avatar\\\/62282c8ac9f4ca1c14ea572ab33a339a00bc0cb22f83a4cba9d736a598331e93?s=96&d=mm&r=g\",\"contentUrl\":\"https:\\\/\\\/secure.gravatar.com\\\/avatar\\\/62282c8ac9f4ca1c14ea572ab33a339a00bc0cb22f83a4cba9d736a598331e93?s=96&d=mm&r=g\",\"caption\":\"jasha.auch@gmail.com\"},\"sameAs\":[\"https:\\\/\\\/techauch.de\"]},{\"@type\":\"ImageObject\",\"inLanguage\":\"en-US\",\"@id\":\"https:\\\/\\\/techauch.de\\\/standort\\\/#local-main-organization-logo\",\"url\":\"https:\\\/\\\/techauch.de\\\/wp-content\\\/uploads\\\/2025\\\/06\\\/new-logo-09.24-scaled.jpg\",\"contentUrl\":\"https:\\\/\\\/techauch.de\\\/wp-content\\\/uploads\\\/2025\\\/06\\\/new-logo-09.24-scaled.jpg\",\"width\":2560,\"height\":2373,\"caption\":\"TechAuch Solutions\"}]}<\/script>\n<!-- \/ Yoast SEO Premium plugin. -->","yoast_head_json":{"title":"IT-Partner Gro\u00dfraum M\u00fcnchen: Unsere Standorte | TechAuch Solutions","description":"Ihr zuverl\u00e4ssiger IT-Partner im Gro\u00dfraum M\u00fcnchen. Wir betreuen Unternehmen in M\u00fcnchen, Starnberg, Taufkirchen und Rosenheim mit professionellen IT-L\u00f6sungen.","robots":{"index":"index","follow":"follow","max-snippet":"max-snippet:-1","max-image-preview":"max-image-preview:large","max-video-preview":"max-video-preview:-1"},"canonical":"https:\/\/techauch.de\/en\/standort\/","og_locale":"en_US","og_type":"article","og_title":"Standort IT f\u00fcr KMU | TechAuch Solutions","og_description":"IT f\u00fcr KMU in M\u00fcnchen & Umgebung: Support, Sicherheit, Netzwerk & Microsoft 365. Beratung buchen und IT endlich sauber aufstellen.","og_url":"https:\/\/techauch.de\/en\/standort\/","og_site_name":"TechAuch Solutions","article_publisher":"https:\/\/www.facebook.com\/techauchsolutions\/","article_modified_time":"2026-03-11T21:06:02+00:00","og_image":[{"url":"https:\/\/techauch.de\/wp-content\/uploads\/elementor\/thumbs\/imgi_7_night-panorama-marienplatz-munich-city-hall-munich-germany_73503-479-rk82tz6omly646fg9rzb8w3apj8ygxe0ngtslef37k.webp","type":"","width":"","height":""}],"twitter_card":"summary_large_image","twitter_site":"@techauchs","twitter_misc":{"Est. reading time":"1 minute"},"schema":{"@context":"https:\/\/schema.org","@graph":[{"@type":"Article","@id":"https:\/\/techauch.de\/standort\/#article","isPartOf":{"@id":"https:\/\/techauch.de\/standort\/"},"author":{"name":"jasha.auch@gmail.com","@id":"https:\/\/techauch.de\/#\/schema\/person\/5f5f91c95426d2d547a841abc9b0826d"},"headline":"Standort","datePublished":"2025-05-21T22:39:45+00:00","dateModified":"2026-03-11T21:06:02+00:00","mainEntityOfPage":{"@id":"https:\/\/techauch.de\/standort\/"},"wordCount":62,"publisher":{"@id":"https:\/\/techauch.de\/#organization"},"image":{"@id":"https:\/\/techauch.de\/standort\/#primaryimage"},"thumbnailUrl":"https:\/\/techauch.de\/wp-content\/uploads\/elementor\/thumbs\/imgi_7_night-panorama-marienplatz-munich-city-hall-munich-germany_73503-479-rk82tz6omly646fg9rzb8w3apj8ygxe0ngtslef37k.webp","inLanguage":"en-US"},{"@type":"WebPage","@id":"https:\/\/techauch.de\/standort\/","url":"https:\/\/techauch.de\/standort\/","name":"IT-Partner Gro\u00dfraum M\u00fcnchen: Unsere Standorte | TechAuch Solutions","isPartOf":{"@id":"https:\/\/techauch.de\/#website"},"primaryImageOfPage":{"@id":"https:\/\/techauch.de\/standort\/#primaryimage"},"image":{"@id":"https:\/\/techauch.de\/standort\/#primaryimage"},"thumbnailUrl":"https:\/\/techauch.de\/wp-content\/uploads\/elementor\/thumbs\/imgi_7_night-panorama-marienplatz-munich-city-hall-munich-germany_73503-479-rk82tz6omly646fg9rzb8w3apj8ygxe0ngtslef37k.webp","datePublished":"2025-05-21T22:39:45+00:00","dateModified":"2026-03-11T21:06:02+00:00","description":"Ihr zuverl\u00e4ssiger IT-Partner im Gro\u00dfraum M\u00fcnchen. Wir betreuen Unternehmen in M\u00fcnchen, Starnberg, Taufkirchen und Rosenheim mit professionellen IT-L\u00f6sungen.","breadcrumb":{"@id":"https:\/\/techauch.de\/standort\/#breadcrumb"},"inLanguage":"en-US","potentialAction":[{"@type":"ReadAction","target":["https:\/\/techauch.de\/standort\/"]}]},{"@type":"ImageObject","inLanguage":"en-US","@id":"https:\/\/techauch.de\/standort\/#primaryimage","url":"https:\/\/techauch.de\/wp-content\/uploads\/elementor\/thumbs\/imgi_7_night-panorama-marienplatz-munich-city-hall-munich-germany_73503-479-rk82tz6omly646fg9rzb8w3apj8ygxe0ngtslef37k.webp","contentUrl":"https:\/\/techauch.de\/wp-content\/uploads\/elementor\/thumbs\/imgi_7_night-panorama-marienplatz-munich-city-hall-munich-germany_73503-479-rk82tz6omly646fg9rzb8w3apj8ygxe0ngtslef37k.webp"},{"@type":"BreadcrumbList","@id":"https:\/\/techauch.de\/standort\/#breadcrumb","itemListElement":[{"@type":"ListItem","position":1,"name":"Startseite","item":"https:\/\/techauch.de\/"},{"@type":"ListItem","position":2,"name":"Standort"}]},{"@type":"WebSite","@id":"https:\/\/techauch.de\/#website","url":"https:\/\/techauch.de\/","name":"TechAuch Solutions","description":"IT Service f\u00fcr KMU &amp; Praxen","publisher":{"@id":"https:\/\/techauch.de\/#organization"},"potentialAction":[{"@type":"SearchAction","target":{"@type":"EntryPoint","urlTemplate":"https:\/\/techauch.de\/?s={search_term_string}"},"query-input":{"@type":"PropertyValueSpecification","valueRequired":true,"valueName":"search_term_string"}}],"inLanguage":"en-US"},{"@type":["Organization","Place"],"@id":"https:\/\/techauch.de\/#organization","name":"TechAuch Solutions","url":"https:\/\/techauch.de\/","logo":{"@id":"https:\/\/techauch.de\/standort\/#local-main-organization-logo"},"image":{"@id":"https:\/\/techauch.de\/standort\/#local-main-organization-logo"},"sameAs":["https:\/\/www.facebook.com\/techauchsolutions\/","https:\/\/x.com\/techauchs","https:\/\/www.instagram.com\/techauchsolutions\/"],"ownershipFundingInfo":"https:\/\/techauch.de\/datenschutzerklaerung\/","telephone":[],"openingHoursSpecification":[{"@type":"OpeningHoursSpecification","dayOfWeek":["Monday","Tuesday","Wednesday","Thursday","Friday","Saturday","Sunday"],"opens":"09:00","closes":"17:00"}]},{"@type":"Person","@id":"https:\/\/techauch.de\/#\/schema\/person\/5f5f91c95426d2d547a841abc9b0826d","name":"jasha.auch@gmail.com","image":{"@type":"ImageObject","inLanguage":"en-US","@id":"https:\/\/secure.gravatar.com\/avatar\/62282c8ac9f4ca1c14ea572ab33a339a00bc0cb22f83a4cba9d736a598331e93?s=96&d=mm&r=g","url":"https:\/\/secure.gravatar.com\/avatar\/62282c8ac9f4ca1c14ea572ab33a339a00bc0cb22f83a4cba9d736a598331e93?s=96&d=mm&r=g","contentUrl":"https:\/\/secure.gravatar.com\/avatar\/62282c8ac9f4ca1c14ea572ab33a339a00bc0cb22f83a4cba9d736a598331e93?s=96&d=mm&r=g","caption":"jasha.auch@gmail.com"},"sameAs":["https:\/\/techauch.de"]},{"@type":"ImageObject","inLanguage":"en-US","@id":"https:\/\/techauch.de\/standort\/#local-main-organization-logo","url":"https:\/\/techauch.de\/wp-content\/uploads\/2025\/06\/new-logo-09.24-scaled.jpg","contentUrl":"https:\/\/techauch.de\/wp-content\/uploads\/2025\/06\/new-logo-09.24-scaled.jpg","width":2560,"height":2373,"caption":"TechAuch Solutions"}]}},"_links":{"self":[{"href":"https:\/\/techauch.de\/en\/wp-json\/wp\/v2\/pages\/276","targetHints":{"allow":["GET"]}}],"collection":[{"href":"https:\/\/techauch.de\/en\/wp-json\/wp\/v2\/pages"}],"about":[{"href":"https:\/\/techauch.de\/en\/wp-json\/wp\/v2\/types\/page"}],"author":[{"embeddable":true,"href":"https:\/\/techauch.de\/en\/wp-json\/wp\/v2\/users\/1"}],"replies":[{"embeddable":true,"href":"https:\/\/techauch.de\/en\/wp-json\/wp\/v2\/comments?post=276"}],"version-history":[{"count":63,"href":"https:\/\/techauch.de\/en\/wp-json\/wp\/v2\/pages\/276\/revisions"}],"predecessor-version":[{"id":4080,"href":"https:\/\/techauch.de\/en\/wp-json\/wp\/v2\/pages\/276\/revisions\/4080"}],"wp:attachment":[{"href":"https:\/\/techauch.de\/en\/wp-json\/wp\/v2\/media?parent=276"}],"curies":[{"name":"wp","href":"https:\/\/api.w.org\/{rel}","templated":true}]}}