{"id":2149,"date":"2026-01-28T23:22:44","date_gmt":"2026-01-28T23:22:44","guid":{"rendered":"https:\/\/techauch.de\/?page_id=2149"},"modified":"2026-04-21T13:12:26","modified_gmt":"2026-04-21T13:12:26","slug":"termin","status":"publish","type":"page","link":"https:\/\/techauch.de\/en\/termin\/","title":{"rendered":"kostenfreies IT-Erstgespr\u00e4ch"},"content":{"rendered":"<div data-elementor-type=\"wp-page\" data-elementor-id=\"2149\" class=\"elementor elementor-2149\" data-elementor-post-type=\"page\">\n\t\t\t\t<div class=\"elementor-element elementor-element-1640d68 e-flex e-con-boxed e-con e-parent\" data-id=\"1640d68\" data-element_type=\"container\" data-e-type=\"container\">\n\t\t\t\t\t<div class=\"e-con-inner\">\n\t\t<div class=\"elementor-element elementor-element-a44f37e e-con-full e-flex e-con e-child\" data-id=\"a44f37e\" data-element_type=\"container\" data-e-type=\"container\">\n\t\t\t\t<div class=\"elementor-element elementor-element-b442d44 elementor-view-stacked elementor-shape-circle elementor-widget elementor-widget-icon\" data-id=\"b442d44\" data-element_type=\"widget\" data-e-type=\"widget\" data-widget_type=\"icon.default\">\n\t\t\t\t<div class=\"elementor-widget-container\">\n\t\t\t\t\t\t\t<div class=\"elementor-icon-wrapper\">\n\t\t\t<div class=\"elementor-icon\">\n\t\t\t<svg aria-hidden=\"true\" class=\"e-font-icon-svg e-far-check-circle\" viewbox=\"0 0 512 512\" xmlns=\"http:\/\/www.w3.org\/2000\/svg\"><path d=\"M256 8C119.033 8 8 119.033 8 256s111.033 248 248 248 248-111.033 248-248S392.967 8 256 8zm0 48c110.532 0 200 89.451 200 200 0 110.532-89.451 200-200 200-110.532 0-200-89.451-200-200 0-110.532 89.451-200 200-200m140.204 130.267l-22.536-22.718c-4.667-4.705-12.265-4.736-16.97-.068L215.346 303.697l-59.792-60.277c-4.667-4.705-12.265-4.736-16.97-.069l-22.719 22.536c-4.705 4.667-4.736 12.265-.068 16.971l90.781 91.516c4.667 4.705 12.265 4.736 16.97.068l172.589-171.204c4.704-4.668 4.734-12.266.067-16.971z\"><\/path><\/svg>\t\t\t<\/div>\n\t\t<\/div>\n\t\t\t\t\t\t<\/div>\n\t\t\t\t<\/div>\n\t\t\t\t<div class=\"elementor-element elementor-element-c0f4d5f elementor-widget elementor-widget-text-editor\" data-id=\"c0f4d5f\" data-element_type=\"widget\" data-e-type=\"widget\" data-widget_type=\"text-editor.default\">\n\t\t\t\t<div class=\"elementor-widget-container\">\n\t\t\t\t\t\t\t\t\t100% Free &amp; No Obligation\t\t\t\t\t\t\t\t<\/div>\n\t\t\t\t<\/div>\n\t\t\t\t<\/div>\n\t\t<div class=\"elementor-element elementor-element-5058f8a e-con-full e-flex e-con e-child\" data-id=\"5058f8a\" data-element_type=\"container\" data-e-type=\"container\">\n\t\t\t\t<div class=\"elementor-element elementor-element-5805a67 elementor-view-stacked elementor-shape-circle elementor-widget elementor-widget-icon\" data-id=\"5805a67\" data-element_type=\"widget\" data-e-type=\"widget\" data-widget_type=\"icon.default\">\n\t\t\t\t<div class=\"elementor-widget-container\">\n\t\t\t\t\t\t\t<div class=\"elementor-icon-wrapper\">\n\t\t\t<div class=\"elementor-icon\">\n\t\t\t<svg aria-hidden=\"true\" class=\"e-font-icon-svg e-far-check-circle\" viewbox=\"0 0 512 512\" xmlns=\"http:\/\/www.w3.org\/2000\/svg\"><path d=\"M256 8C119.033 8 8 119.033 8 256s111.033 248 248 248 248-111.033 248-248S392.967 8 256 8zm0 48c110.532 0 200 89.451 200 200 0 110.532-89.451 200-200 200-110.532 0-200-89.451-200-200 0-110.532 89.451-200 200-200m140.204 130.267l-22.536-22.718c-4.667-4.705-12.265-4.736-16.97-.068L215.346 303.697l-59.792-60.277c-4.667-4.705-12.265-4.736-16.97-.069l-22.719 22.536c-4.705 4.667-4.736 12.265-.068 16.971l90.781 91.516c4.667 4.705 12.265 4.736 16.97.068l172.589-171.204c4.704-4.668 4.734-12.266.067-16.971z\"><\/path><\/svg>\t\t\t<\/div>\n\t\t<\/div>\n\t\t\t\t\t\t<\/div>\n\t\t\t\t<\/div>\n\t\t\t\t<div class=\"elementor-element elementor-element-b9cf211 elementor-widget elementor-widget-text-editor\" data-id=\"b9cf211\" data-element_type=\"widget\" data-e-type=\"widget\" data-widget_type=\"text-editor.default\">\n\t\t\t\t<div class=\"elementor-widget-container\">\n\t\t\t\t\t\t\t\t\tConcrete Recommendations for Action\t\t\t\t\t\t\t\t<\/div>\n\t\t\t\t<\/div>\n\t\t\t\t<\/div>\n\t\t<div class=\"elementor-element elementor-element-28b7894 e-con-full e-flex e-con e-child\" data-id=\"28b7894\" data-element_type=\"container\" data-e-type=\"container\">\n\t\t\t\t<div class=\"elementor-element elementor-element-5e6009b elementor-view-stacked elementor-shape-circle elementor-widget elementor-widget-icon\" data-id=\"5e6009b\" data-element_type=\"widget\" data-e-type=\"widget\" data-widget_type=\"icon.default\">\n\t\t\t\t<div class=\"elementor-widget-container\">\n\t\t\t\t\t\t\t<div class=\"elementor-icon-wrapper\">\n\t\t\t<div class=\"elementor-icon\">\n\t\t\t<svg aria-hidden=\"true\" class=\"e-font-icon-svg e-far-check-circle\" viewbox=\"0 0 512 512\" xmlns=\"http:\/\/www.w3.org\/2000\/svg\"><path d=\"M256 8C119.033 8 8 119.033 8 256s111.033 248 248 248 248-111.033 248-248S392.967 8 256 8zm0 48c110.532 0 200 89.451 200 200 0 110.532-89.451 200-200 200-110.532 0-200-89.451-200-200 0-110.532 89.451-200 200-200m140.204 130.267l-22.536-22.718c-4.667-4.705-12.265-4.736-16.97-.068L215.346 303.697l-59.792-60.277c-4.667-4.705-12.265-4.736-16.97-.069l-22.719 22.536c-4.705 4.667-4.736 12.265-.068 16.971l90.781 91.516c4.667 4.705 12.265 4.736 16.97.068l172.589-171.204c4.704-4.668 4.734-12.266.067-16.971z\"><\/path><\/svg>\t\t\t<\/div>\n\t\t<\/div>\n\t\t\t\t\t\t<\/div>\n\t\t\t\t<\/div>\n\t\t\t\t<div class=\"elementor-element elementor-element-5557533 elementor-widget elementor-widget-text-editor\" data-id=\"5557533\" data-element_type=\"widget\" data-e-type=\"widget\" data-widget_type=\"text-editor.default\">\n\t\t\t\t<div class=\"elementor-widget-container\">\n\t\t\t\t\t\t\t\t\tDirect Consultation with an IT Expert\t\t\t\t\t\t\t\t<\/div>\n\t\t\t\t<\/div>\n\t\t\t\t<\/div>\n\t\t\t\t\t<\/div>\n\t\t\t\t<\/div>\n\t\t<div class=\"elementor-element elementor-element-30733aa e-flex e-con-boxed e-con e-parent\" data-id=\"30733aa\" data-element_type=\"container\" data-e-type=\"container\">\n\t\t\t\t\t<div class=\"e-con-inner\">\n\t\t\t\t<div class=\"elementor-element elementor-element-ed1a952 elementor-widget elementor-widget-html\" data-id=\"ed1a952\" data-element_type=\"widget\" data-e-type=\"widget\" data-widget_type=\"html.default\">\n\t\t\t\t<div class=\"elementor-widget-container\">\n\t\t\t\t\t<!-- meetergo widget start -->\r\n<div style=\"min-width:330px\" class=\"meetergo-iframe\" data-src=\"https:\/\/cal.meetergo.com\/techauchsolutions\/beratung\"><\/div>\r\n<script defer src=\"https:\/\/liv-showcase.s3.eu-central-1.amazonaws.com\/browser-v4.js\"><\/script>\r\n<!-- meetergo widget end -->\t\t\t\t<\/div>\n\t\t\t\t<\/div>\n\t\t\t\t\t<\/div>\n\t\t\t\t<\/div>\n\t\t\t\t<\/div>","protected":false},"excerpt":{"rendered":"<p>100% Kostenlos &#038; unverbindlich Konkrete Handlungsempfehlungen Direktes Gespr\u00e4ch mit einem IT-Experten<\/p>","protected":false},"author":1,"featured_media":0,"parent":0,"menu_order":0,"comment_status":"closed","ping_status":"closed","template":"elementor_header_footer","meta":{"footnotes":""},"class_list":["post-2149","page","type-page","status-publish","hentry"],"yoast_head":"<!-- This site is optimized with the Yoast SEO Premium plugin v27.1 (Yoast SEO v27.5) - https:\/\/yoast.com\/product\/yoast-seo-premium-wordpress\/ -->\n<title>kostenfreies IT-Erstgespr\u00e4ch in M\u00fcnchen buchen | TechAuch Solutions<\/title>\n<meta name=\"description\" content=\"Buchen Sie Ihr kostenfreies IT-Erstgespr\u00e4ch. In 30 Minuten analysieren wir Ihre IT-Situation und planen Ihre IT-Betreuung in M\u00fcnchen. 100% unverbindlich.\" \/>\n<meta name=\"robots\" content=\"index, follow, max-snippet:-1, max-image-preview:large, max-video-preview:-1\" \/>\n<link rel=\"canonical\" href=\"https:\/\/techauch.de\/en\/termin\/\" \/>\n<meta property=\"og:locale\" content=\"en_US\" \/>\n<meta property=\"og:type\" content=\"article\" \/>\n<meta property=\"og:title\" content=\"kostenfreies IT-Erstgespr\u00e4ch IT f\u00fcr KMU | TechAuch Solutions\" \/>\n<meta property=\"og:description\" content=\"IT f\u00fcr KMU in M\u00fcnchen &amp; Umgebung: Support, Sicherheit, Netzwerk &amp; Microsoft 365. Beratung buchen und IT endlich sauber aufstellen.\" \/>\n<meta property=\"og:url\" content=\"https:\/\/techauch.de\/en\/termin\/\" \/>\n<meta property=\"og:site_name\" content=\"TechAuch Solutions\" \/>\n<meta property=\"article:publisher\" content=\"https:\/\/www.facebook.com\/techauchsolutions\/\" \/>\n<meta property=\"article:modified_time\" content=\"2026-04-21T13:12:26+00:00\" \/>\n<meta property=\"og:image\" content=\"https:\/\/techauch.de\/wp-content\/uploads\/2026\/01\/2025-06-12-00_04_21-new-logo-09.24-verkleinert_14.02.jpg-1330\u00d71233.png\" \/>\n\t<meta property=\"og:image:width\" content=\"803\" \/>\n\t<meta property=\"og:image:height\" content=\"531\" \/>\n\t<meta property=\"og:image:type\" content=\"image\/png\" \/>\n<meta name=\"twitter:card\" content=\"summary_large_image\" \/>\n<meta name=\"twitter:site\" content=\"@techauchs\" \/>\n<meta name=\"twitter:label1\" content=\"Est. reading time\" \/>\n\t<meta name=\"twitter:data1\" content=\"1 minute\" \/>\n<script type=\"application\/ld+json\" class=\"yoast-schema-graph\">{\"@context\":\"https:\\\/\\\/schema.org\",\"@graph\":[{\"@type\":\"Article\",\"@id\":\"https:\\\/\\\/techauch.de\\\/termin\\\/#article\",\"isPartOf\":{\"@id\":\"https:\\\/\\\/techauch.de\\\/termin\\\/\"},\"author\":{\"name\":\"jasha.auch@gmail.com\",\"@id\":\"https:\\\/\\\/techauch.de\\\/#\\\/schema\\\/person\\\/5f5f91c95426d2d547a841abc9b0826d\"},\"headline\":\"kostenfreies IT-Erstgespr\u00e4ch\",\"datePublished\":\"2026-01-28T23:22:44+00:00\",\"dateModified\":\"2026-04-21T13:12:26+00:00\",\"mainEntityOfPage\":{\"@id\":\"https:\\\/\\\/techauch.de\\\/termin\\\/\"},\"wordCount\":13,\"publisher\":{\"@id\":\"https:\\\/\\\/techauch.de\\\/#organization\"},\"inLanguage\":\"en-US\"},{\"@type\":\"WebPage\",\"@id\":\"https:\\\/\\\/techauch.de\\\/termin\\\/\",\"url\":\"https:\\\/\\\/techauch.de\\\/termin\\\/\",\"name\":\"kostenfreies IT-Erstgespr\u00e4ch in M\u00fcnchen buchen | TechAuch Solutions\",\"isPartOf\":{\"@id\":\"https:\\\/\\\/techauch.de\\\/#website\"},\"datePublished\":\"2026-01-28T23:22:44+00:00\",\"dateModified\":\"2026-04-21T13:12:26+00:00\",\"description\":\"Buchen Sie Ihr kostenfreies IT-Erstgespr\u00e4ch. In 30 Minuten analysieren wir Ihre IT-Situation und planen Ihre IT-Betreuung in M\u00fcnchen. 100% unverbindlich.\",\"breadcrumb\":{\"@id\":\"https:\\\/\\\/techauch.de\\\/termin\\\/#breadcrumb\"},\"inLanguage\":\"en-US\",\"potentialAction\":[{\"@type\":\"ReadAction\",\"target\":[\"https:\\\/\\\/techauch.de\\\/termin\\\/\"]}]},{\"@type\":\"BreadcrumbList\",\"@id\":\"https:\\\/\\\/techauch.de\\\/termin\\\/#breadcrumb\",\"itemListElement\":[{\"@type\":\"ListItem\",\"position\":1,\"name\":\"Startseite\",\"item\":\"https:\\\/\\\/techauch.de\\\/\"},{\"@type\":\"ListItem\",\"position\":2,\"name\":\"kostenfreies IT-Erstgespr\u00e4ch\"}]},{\"@type\":\"WebSite\",\"@id\":\"https:\\\/\\\/techauch.de\\\/#website\",\"url\":\"https:\\\/\\\/techauch.de\\\/\",\"name\":\"TechAuch Solutions\",\"description\":\"IT Service f\u00fcr KMU &amp; Praxen\",\"publisher\":{\"@id\":\"https:\\\/\\\/techauch.de\\\/#organization\"},\"potentialAction\":[{\"@type\":\"SearchAction\",\"target\":{\"@type\":\"EntryPoint\",\"urlTemplate\":\"https:\\\/\\\/techauch.de\\\/?s={search_term_string}\"},\"query-input\":{\"@type\":\"PropertyValueSpecification\",\"valueRequired\":true,\"valueName\":\"search_term_string\"}}],\"inLanguage\":\"en-US\"},{\"@type\":[\"Organization\",\"Place\"],\"@id\":\"https:\\\/\\\/techauch.de\\\/#organization\",\"name\":\"TechAuch Solutions\",\"url\":\"https:\\\/\\\/techauch.de\\\/\",\"logo\":{\"@id\":\"https:\\\/\\\/techauch.de\\\/termin\\\/#local-main-organization-logo\"},\"image\":{\"@id\":\"https:\\\/\\\/techauch.de\\\/termin\\\/#local-main-organization-logo\"},\"sameAs\":[\"https:\\\/\\\/www.facebook.com\\\/techauchsolutions\\\/\",\"https:\\\/\\\/x.com\\\/techauchs\",\"https:\\\/\\\/www.instagram.com\\\/techauchsolutions\\\/\"],\"ownershipFundingInfo\":\"https:\\\/\\\/techauch.de\\\/datenschutzerklaerung\\\/\",\"telephone\":[],\"openingHoursSpecification\":[{\"@type\":\"OpeningHoursSpecification\",\"dayOfWeek\":[\"Monday\",\"Tuesday\",\"Wednesday\",\"Thursday\",\"Friday\",\"Saturday\",\"Sunday\"],\"opens\":\"09:00\",\"closes\":\"17:00\"}]},{\"@type\":\"Person\",\"@id\":\"https:\\\/\\\/techauch.de\\\/#\\\/schema\\\/person\\\/5f5f91c95426d2d547a841abc9b0826d\",\"name\":\"jasha.auch@gmail.com\",\"image\":{\"@type\":\"ImageObject\",\"inLanguage\":\"en-US\",\"@id\":\"https:\\\/\\\/secure.gravatar.com\\\/avatar\\\/62282c8ac9f4ca1c14ea572ab33a339a00bc0cb22f83a4cba9d736a598331e93?s=96&d=mm&r=g\",\"url\":\"https:\\\/\\\/secure.gravatar.com\\\/avatar\\\/62282c8ac9f4ca1c14ea572ab33a339a00bc0cb22f83a4cba9d736a598331e93?s=96&d=mm&r=g\",\"contentUrl\":\"https:\\\/\\\/secure.gravatar.com\\\/avatar\\\/62282c8ac9f4ca1c14ea572ab33a339a00bc0cb22f83a4cba9d736a598331e93?s=96&d=mm&r=g\",\"caption\":\"jasha.auch@gmail.com\"},\"sameAs\":[\"https:\\\/\\\/techauch.de\"]},{\"@type\":\"ImageObject\",\"inLanguage\":\"en-US\",\"@id\":\"https:\\\/\\\/techauch.de\\\/termin\\\/#local-main-organization-logo\",\"url\":\"https:\\\/\\\/techauch.de\\\/wp-content\\\/uploads\\\/2025\\\/06\\\/new-logo-09.24-scaled.jpg\",\"contentUrl\":\"https:\\\/\\\/techauch.de\\\/wp-content\\\/uploads\\\/2025\\\/06\\\/new-logo-09.24-scaled.jpg\",\"width\":2560,\"height\":2373,\"caption\":\"TechAuch Solutions\"}]}<\/script>\n<!-- \/ Yoast SEO Premium plugin. -->","yoast_head_json":{"title":"kostenfreies IT-Erstgespr\u00e4ch in M\u00fcnchen buchen | TechAuch Solutions","description":"Buchen Sie Ihr kostenfreies IT-Erstgespr\u00e4ch. In 30 Minuten analysieren wir Ihre IT-Situation und planen Ihre IT-Betreuung in M\u00fcnchen. 100% unverbindlich.","robots":{"index":"index","follow":"follow","max-snippet":"max-snippet:-1","max-image-preview":"max-image-preview:large","max-video-preview":"max-video-preview:-1"},"canonical":"https:\/\/techauch.de\/en\/termin\/","og_locale":"en_US","og_type":"article","og_title":"kostenfreies IT-Erstgespr\u00e4ch IT f\u00fcr KMU | TechAuch Solutions","og_description":"IT f\u00fcr KMU in M\u00fcnchen & Umgebung: Support, Sicherheit, Netzwerk & Microsoft 365. Beratung buchen und IT endlich sauber aufstellen.","og_url":"https:\/\/techauch.de\/en\/termin\/","og_site_name":"TechAuch Solutions","article_publisher":"https:\/\/www.facebook.com\/techauchsolutions\/","article_modified_time":"2026-04-21T13:12:26+00:00","og_image":[{"width":803,"height":531,"url":"https:\/\/techauch.de\/wp-content\/uploads\/2026\/01\/2025-06-12-00_04_21-new-logo-09.24-verkleinert_14.02.jpg-1330\u00d71233.png","type":"image\/png"}],"twitter_card":"summary_large_image","twitter_site":"@techauchs","twitter_misc":{"Est. reading time":"1 minute"},"schema":{"@context":"https:\/\/schema.org","@graph":[{"@type":"Article","@id":"https:\/\/techauch.de\/termin\/#article","isPartOf":{"@id":"https:\/\/techauch.de\/termin\/"},"author":{"name":"jasha.auch@gmail.com","@id":"https:\/\/techauch.de\/#\/schema\/person\/5f5f91c95426d2d547a841abc9b0826d"},"headline":"kostenfreies IT-Erstgespr\u00e4ch","datePublished":"2026-01-28T23:22:44+00:00","dateModified":"2026-04-21T13:12:26+00:00","mainEntityOfPage":{"@id":"https:\/\/techauch.de\/termin\/"},"wordCount":13,"publisher":{"@id":"https:\/\/techauch.de\/#organization"},"inLanguage":"en-US"},{"@type":"WebPage","@id":"https:\/\/techauch.de\/termin\/","url":"https:\/\/techauch.de\/termin\/","name":"kostenfreies IT-Erstgespr\u00e4ch in M\u00fcnchen buchen | TechAuch Solutions","isPartOf":{"@id":"https:\/\/techauch.de\/#website"},"datePublished":"2026-01-28T23:22:44+00:00","dateModified":"2026-04-21T13:12:26+00:00","description":"Buchen Sie Ihr kostenfreies IT-Erstgespr\u00e4ch. In 30 Minuten analysieren wir Ihre IT-Situation und planen Ihre IT-Betreuung in M\u00fcnchen. 100% unverbindlich.","breadcrumb":{"@id":"https:\/\/techauch.de\/termin\/#breadcrumb"},"inLanguage":"en-US","potentialAction":[{"@type":"ReadAction","target":["https:\/\/techauch.de\/termin\/"]}]},{"@type":"BreadcrumbList","@id":"https:\/\/techauch.de\/termin\/#breadcrumb","itemListElement":[{"@type":"ListItem","position":1,"name":"Startseite","item":"https:\/\/techauch.de\/"},{"@type":"ListItem","position":2,"name":"kostenfreies IT-Erstgespr\u00e4ch"}]},{"@type":"WebSite","@id":"https:\/\/techauch.de\/#website","url":"https:\/\/techauch.de\/","name":"TechAuch Solutions","description":"IT Service f\u00fcr KMU &amp; Praxen","publisher":{"@id":"https:\/\/techauch.de\/#organization"},"potentialAction":[{"@type":"SearchAction","target":{"@type":"EntryPoint","urlTemplate":"https:\/\/techauch.de\/?s={search_term_string}"},"query-input":{"@type":"PropertyValueSpecification","valueRequired":true,"valueName":"search_term_string"}}],"inLanguage":"en-US"},{"@type":["Organization","Place"],"@id":"https:\/\/techauch.de\/#organization","name":"TechAuch Solutions","url":"https:\/\/techauch.de\/","logo":{"@id":"https:\/\/techauch.de\/termin\/#local-main-organization-logo"},"image":{"@id":"https:\/\/techauch.de\/termin\/#local-main-organization-logo"},"sameAs":["https:\/\/www.facebook.com\/techauchsolutions\/","https:\/\/x.com\/techauchs","https:\/\/www.instagram.com\/techauchsolutions\/"],"ownershipFundingInfo":"https:\/\/techauch.de\/datenschutzerklaerung\/","telephone":[],"openingHoursSpecification":[{"@type":"OpeningHoursSpecification","dayOfWeek":["Monday","Tuesday","Wednesday","Thursday","Friday","Saturday","Sunday"],"opens":"09:00","closes":"17:00"}]},{"@type":"Person","@id":"https:\/\/techauch.de\/#\/schema\/person\/5f5f91c95426d2d547a841abc9b0826d","name":"jasha.auch@gmail.com","image":{"@type":"ImageObject","inLanguage":"en-US","@id":"https:\/\/secure.gravatar.com\/avatar\/62282c8ac9f4ca1c14ea572ab33a339a00bc0cb22f83a4cba9d736a598331e93?s=96&d=mm&r=g","url":"https:\/\/secure.gravatar.com\/avatar\/62282c8ac9f4ca1c14ea572ab33a339a00bc0cb22f83a4cba9d736a598331e93?s=96&d=mm&r=g","contentUrl":"https:\/\/secure.gravatar.com\/avatar\/62282c8ac9f4ca1c14ea572ab33a339a00bc0cb22f83a4cba9d736a598331e93?s=96&d=mm&r=g","caption":"jasha.auch@gmail.com"},"sameAs":["https:\/\/techauch.de"]},{"@type":"ImageObject","inLanguage":"en-US","@id":"https:\/\/techauch.de\/termin\/#local-main-organization-logo","url":"https:\/\/techauch.de\/wp-content\/uploads\/2025\/06\/new-logo-09.24-scaled.jpg","contentUrl":"https:\/\/techauch.de\/wp-content\/uploads\/2025\/06\/new-logo-09.24-scaled.jpg","width":2560,"height":2373,"caption":"TechAuch Solutions"}]}},"_links":{"self":[{"href":"https:\/\/techauch.de\/en\/wp-json\/wp\/v2\/pages\/2149","targetHints":{"allow":["GET"]}}],"collection":[{"href":"https:\/\/techauch.de\/en\/wp-json\/wp\/v2\/pages"}],"about":[{"href":"https:\/\/techauch.de\/en\/wp-json\/wp\/v2\/types\/page"}],"author":[{"embeddable":true,"href":"https:\/\/techauch.de\/en\/wp-json\/wp\/v2\/users\/1"}],"replies":[{"embeddable":true,"href":"https:\/\/techauch.de\/en\/wp-json\/wp\/v2\/comments?post=2149"}],"version-history":[{"count":147,"href":"https:\/\/techauch.de\/en\/wp-json\/wp\/v2\/pages\/2149\/revisions"}],"predecessor-version":[{"id":4177,"href":"https:\/\/techauch.de\/en\/wp-json\/wp\/v2\/pages\/2149\/revisions\/4177"}],"wp:attachment":[{"href":"https:\/\/techauch.de\/en\/wp-json\/wp\/v2\/media?parent=2149"}],"curies":[{"name":"wp","href":"https:\/\/api.w.org\/{rel}","templated":true}]}}