{"id":1334,"date":"2025-06-06T16:33:31","date_gmt":"2025-06-06T16:33:31","guid":{"rendered":"https:\/\/techauch.de\/?page_id=1334"},"modified":"2026-03-11T16:09:55","modified_gmt":"2026-03-11T16:09:55","slug":"geschaeftsbedingungen","status":"publish","type":"page","link":"https:\/\/techauch.de\/en\/geschaeftsbedingungen\/","title":{"rendered":"Terms and Conditions"},"content":{"rendered":"<div data-elementor-type=\"wp-page\" data-elementor-id=\"1334\" class=\"elementor elementor-1334\" data-elementor-post-type=\"page\">\n\t\t\t\t<div class=\"elementor-element elementor-element-a2920e3 e-flex e-con-boxed e-con e-parent\" data-id=\"a2920e3\" data-element_type=\"container\" data-e-type=\"container\">\n\t\t\t\t\t<div class=\"e-con-inner\">\n\t\t\t\t<div class=\"elementor-element elementor-element-3287221 elementor-widget__width-initial elementor-widget-tablet__width-inherit elementor-widget elementor-widget-heading\" data-id=\"3287221\" data-element_type=\"widget\" data-e-type=\"widget\" data-widget_type=\"heading.default\">\n\t\t\t\t<div class=\"elementor-widget-container\">\n\t\t\t\t\t<h1 class=\"elementor-heading-title elementor-size-default\">Terms and Conditions<\/h1>\t\t\t\t<\/div>\n\t\t\t\t<\/div>\n\t\t\t\t<div class=\"elementor-element elementor-element-dcfe143 elementor-widget elementor-widget-text-editor\" data-id=\"dcfe143\" data-element_type=\"widget\" data-e-type=\"widget\" data-widget_type=\"text-editor.default\">\n\t\t\t\t<div class=\"elementor-widget-container\">\n\t\t\t\t\t\t\t\t\tUnsere Regeln f\u00fcr eine faire Zusammenarbeit &#8211; Gesch\u00e4ftsbedingungen\t\t\t\t\t\t\t\t<\/div>\n\t\t\t\t<\/div>\n\t\t\t\t\t<\/div>\n\t\t\t\t<\/div>\n\t\t<div class=\"elementor-element elementor-element-dd67fbe e-flex e-con-boxed e-con e-parent\" data-id=\"dd67fbe\" data-element_type=\"container\" data-e-type=\"container\">\n\t\t\t\t\t<div class=\"e-con-inner\">\n\t\t\t\t<div class=\"elementor-element elementor-element-a6a98d5 elementor-widget elementor-widget-text-editor\" data-id=\"a6a98d5\" data-element_type=\"widget\" data-e-type=\"widget\" data-widget_type=\"text-editor.default\">\n\t\t\t\t<div class=\"elementor-widget-container\">\n\t\t\t\t\t\t\t\t\t<h2 data-start=\"278\" data-end=\"349\">Gesch\u00e4ftsbedingungen f\u00fcr Gesch\u00e4ftskunden (B2B) \u2013\u00a0<a href=\"https:\/\/techauch.de\/en\/\" target=\"_blank\" rel=\"noopener\">TechAuch<\/a>\u00a0Solutions<\/h2><h2 data-start=\"351\" data-end=\"374\">1. Geltungsbereich<\/h2><p data-start=\"375\" data-end=\"475\">Diese <strong data-start=\"381\" data-end=\"405\">Gesch\u00e4ftsbedingungen<\/strong> gelten f\u00fcr alle Vertr\u00e4ge, Lieferungen und Dienstleistungen zwischen<\/p><p data-start=\"477\" data-end=\"585\"><strong data-start=\"477\" data-end=\"499\">TechAuch Solutions<\/strong><br data-start=\"499\" data-end=\"502\" \/>Inhaber: Jasha Auch<br data-start=\"521\" data-end=\"524\" \/>Hufnagelstra\u00dfe 2<br data-start=\"540\" data-end=\"543\" \/>80686 M\u00fcnchen<br data-start=\"556\" data-end=\"559\" \/>E-Mail: <a class=\"decorated-link cursor-pointer\" rel=\"noopener\" data-start=\"567\" data-end=\"583\">info@techauch.de<\/a><\/p><p data-start=\"587\" data-end=\"803\">und Unternehmern (\u00a7 14 BGB), juristischen Personen des \u00f6ffentlichen Rechts sowie \u00f6ffentlich-rechtlichen Sonderverm\u00f6gen. Durch die Nutzung unserer Angebote erkennen Sie diese <strong data-start=\"761\" data-end=\"785\">Gesch\u00e4ftsbedingungen<\/strong> verbindlich an.<\/p><h2 data-start=\"805\" data-end=\"830\">2. Vertragsabschluss<\/h2><p data-start=\"831\" data-end=\"1183\">Unsere Angebote im Online-Shop stellen kein verbindliches Angebot dar, sondern eine unverbindliche Aufforderung, eine Bestellung abzugeben. Mit Abgabe einer Bestellung geben Sie ein verbindliches Angebot zum Abschluss eines Vertrages ab. Der Vertrag kommt erst durch unsere schriftliche Auftragsbest\u00e4tigung oder durch die Lieferung der Ware zustande.<\/p><p data-start=\"1185\" data-end=\"1346\">Die <strong data-start=\"1189\" data-end=\"1213\">Gesch\u00e4ftsbedingungen<\/strong> sind die Grundlage f\u00fcr eine transparente und rechtssichere Zusammenarbeit. Sie schaffen Klarheit und verhindern Missverst\u00e4ndnisse.<\/p>\t\t\t\t\t\t\t\t<\/div>\n\t\t\t\t<\/div>\n\t\t\t\t<div class=\"elementor-element elementor-element-30f5db0 elementor-widget elementor-widget-text-editor\" data-id=\"30f5db0\" data-element_type=\"widget\" data-e-type=\"widget\" data-widget_type=\"text-editor.default\">\n\t\t\t\t<div class=\"elementor-widget-container\">\n\t\t\t\t\t\t\t\t\t<h2 data-start=\"292\" data-end=\"330\">3. Preise und Zahlungsbedingungen<\/h2><p data-start=\"331\" data-end=\"709\">Alle Preise verstehen sich netto, zuz\u00fcglich der jeweils g\u00fcltigen gesetzlichen Umsatzsteuer sowie anfallender Versandkosten. Sofern nicht anders schriftlich vereinbart, sind Zahlungen innerhalb von 7 Tagen nach Rechnungsstellung ohne Abzug f\u00e4llig. Diese Regelung ist fester Bestandteil unserer <strong data-start=\"624\" data-end=\"648\">Gesch\u00e4ftsbedingungen<\/strong>, sodass f\u00fcr beide Seiten klare Zahlungsmodalit\u00e4ten gelten.<\/p><h2 data-start=\"711\" data-end=\"740\">4. Lieferung und Versand<\/h2><p data-start=\"741\" data-end=\"1176\">Lieferfristen sind nur dann verbindlich, wenn wir diese ausdr\u00fccklich schriftlich best\u00e4tigt haben. Dar\u00fcber hinaus sind Teillieferungen zul\u00e4ssig, sofern sie f\u00fcr den Kunden zumutbar sind. Der Versand erfolgt grunds\u00e4tzlich auf Gefahr des K\u00e4ufers, da das Risiko mit \u00dcbergabe an den Versanddienstleister \u00fcbergeht. Auch diese Bestimmungen sind Teil unserer <strong data-start=\"1091\" data-end=\"1115\">Gesch\u00e4ftsbedingungen<\/strong> und schaffen Transparenz f\u00fcr eine reibungslose Abwicklung.<\/p>\t\t\t\t\t\t\t\t<\/div>\n\t\t\t\t<\/div>\n\t\t\t\t\t<\/div>\n\t\t\t\t<\/div>\n\t\t<div class=\"elementor-element elementor-element-b214680 e-flex e-con-boxed e-con e-parent\" data-id=\"b214680\" data-element_type=\"container\" data-e-type=\"container\">\n\t\t\t\t\t<div class=\"e-con-inner\">\n\t\t\t\t<div class=\"elementor-element elementor-element-6c49bf2 elementor-widget elementor-widget-text-editor\" data-id=\"6c49bf2\" data-element_type=\"widget\" data-e-type=\"widget\" data-widget_type=\"text-editor.default\">\n\t\t\t\t<div class=\"elementor-widget-container\">\n\t\t\t\t\t\t\t\t\t<h2 data-start=\"311\" data-end=\"337\">5. Eigentumsvorbehalt<\/h2><p data-start=\"338\" data-end=\"806\">Die gelieferten Waren bleiben bis zur vollst\u00e4ndigen Bezahlung aller Forderungen aus der Gesch\u00e4ftsbeziehung unser Eigentum. Damit ist sichergestellt, dass unsere Anspr\u00fcche zuverl\u00e4ssig abgesichert sind. Ein Weiterverkauf im gew\u00f6hnlichen Gesch\u00e4ftsverkehr ist jedoch erlaubt. In diesem Fall tritt der Kunde bereits jetzt alle Forderungen aus dem Weiterverkauf an uns ab. Diese Regelung ist Teil unserer <strong data-start=\"737\" data-end=\"761\">Gesch\u00e4ftsbedingungen<\/strong> und sorgt f\u00fcr klare rechtliche Sicherheit.<\/p><h2 data-start=\"808\" data-end=\"842\">6. Gew\u00e4hrleistung und Haftung<\/h2><p data-start=\"843\" data-end=\"1373\">F\u00fcr neue Waren gilt eine Gew\u00e4hrleistungsfrist von 12 Monaten ab Lieferung. Bei gebrauchten Waren ist die Gew\u00e4hrleistung ausgeschlossen, sofern nichts anderes schriftlich vereinbart wurde. F\u00fcr Sch\u00e4den haften wir nur, wenn diese vors\u00e4tzlich oder grob fahrl\u00e4ssig verursacht wurden. Ausgenommen hiervon sind allerdings Sch\u00e4den aus der Verletzung von Leben, K\u00f6rper oder Gesundheit sowie Anspr\u00fcche nach dem Produkthaftungsgesetz. Auch diese Bestimmungen sind in unseren <strong data-start=\"1307\" data-end=\"1331\">Gesch\u00e4ftsbedingungen<\/strong> klar geregelt und schaffen Transparenz.<\/p>\t\t\t\t\t\t\t\t<\/div>\n\t\t\t\t<\/div>\n\t\t\t\t<div class=\"elementor-element elementor-element-be1879e elementor-widget elementor-widget-text-editor\" data-id=\"be1879e\" data-element_type=\"widget\" data-e-type=\"widget\" data-widget_type=\"text-editor.default\">\n\t\t\t\t<div class=\"elementor-widget-container\">\n\t\t\t\t\t\t\t\t\t<h2 data-start=\"244\" data-end=\"289\">7. Software, Konfigurationen und Support<\/h2><p data-start=\"290\" data-end=\"725\">Sofern Software oder spezielle Konfigurationen Teil der Lieferung sind, gelten zus\u00e4tzlich die Lizenzbedingungen der jeweiligen Hersteller. Damit ist sichergestellt, dass die Nutzung eindeutig geregelt ist. Individuelle Anpassungen oder Supportleistungen sind nicht automatisch Bestandteil des Liefervertrages, sondern m\u00fcssen separat vereinbart werden. Diese Klarheit ist ein wesentlicher Bestandteil unserer <strong data-start=\"698\" data-end=\"722\">Gesch\u00e4ftsbedingungen<\/strong>.<\/p><h2 data-start=\"727\" data-end=\"761\">8. R\u00fccksendungen und Widerruf<\/h2><p data-start=\"762\" data-end=\"1088\">F\u00fcr Unternehmen besteht kein gesetzliches Widerrufsrecht. R\u00fccksendungen sind nur mit unserer vorherigen Zustimmung m\u00f6glich. Wird eine R\u00fccksendung genehmigt, behalten wir uns vor, eine Wiedereinlagerungsgeb\u00fchr zu erheben. Durch diese Regelung schaffen unsere <strong data-start=\"1020\" data-end=\"1044\">Gesch\u00e4ftsbedingungen<\/strong> klare und faire Abl\u00e4ufe f\u00fcr beide Seiten.<\/p><h2 data-start=\"1090\" data-end=\"1133\">9. Gerichtsstand und anwendbares Recht<\/h2><p data-start=\"1134\" data-end=\"1429\">Der Gerichtsstand f\u00fcr alle Streitigkeiten aus diesem Vertragsverh\u00e4ltnis ist M\u00fcnchen. Es gilt ausschlie\u00dflich deutsches Recht, wobei das UN-Kaufrecht (CISG) ausdr\u00fccklich ausgeschlossen wird. Diese Bestimmung sorgt f\u00fcr Rechtssicherheit und ist fester Bestandteil unserer <strong data-start=\"1402\" data-end=\"1426\">Gesch\u00e4ftsbedingungen<\/strong>.<\/p><h2 data-start=\"1431\" data-end=\"1459\">10. Schlussbestimmungen<\/h2><p data-start=\"1460\" data-end=\"1730\">Sollten einzelne Bestimmungen dieser <strong data-start=\"1497\" data-end=\"1521\">Gesch\u00e4ftsbedingungen<\/strong> ganz oder teilweise unwirksam sein oder werden, bleibt die Wirksamkeit der \u00fcbrigen Regelungen unber\u00fchrt. Damit stellen wir sicher, dass das Vertragsverh\u00e4ltnis auch in einem solchen Fall rechtsg\u00fcltig bleibt.<\/p>\t\t\t\t\t\t\t\t<\/div>\n\t\t\t\t<\/div>\n\t\t\t\t\t<\/div>\n\t\t\t\t<\/div>\n\t\t\t\t<\/div>","protected":false},"excerpt":{"rendered":"<p>Gesch\u00e4ftsbedingungen\u200b Unsere Regeln f\u00fcr eine faire Zusammenarbeit &#8211; Gesch\u00e4ftsbedingungen Gesch\u00e4ftsbedingungen f\u00fcr Gesch\u00e4ftskunden (B2B) \u2013\u00a0TechAuch\u00a0Solutions 1. Geltungsbereich Diese Gesch\u00e4ftsbedingungen gelten f\u00fcr alle Vertr\u00e4ge, Lieferungen und Dienstleistungen zwischen TechAuch SolutionsInhaber: Jasha AuchHufnagelstra\u00dfe 280686 M\u00fcnchenE-Mail: info@techauch.de und Unternehmern (\u00a7 14 BGB), juristischen Personen des \u00f6ffentlichen Rechts sowie \u00f6ffentlich-rechtlichen Sonderverm\u00f6gen. Durch die Nutzung unserer Angebote erkennen Sie diese Gesch\u00e4ftsbedingungen [&hellip;]<\/p>\n","protected":false},"author":3,"featured_media":236,"parent":0,"menu_order":0,"comment_status":"closed","ping_status":"closed","template":"elementor_header_footer","meta":{"footnotes":""},"class_list":["post-1334","page","type-page","status-publish","has-post-thumbnail","hentry"],"yoast_head":"<!-- This site is optimized with the Yoast SEO Premium plugin v27.1 (Yoast SEO v27.5) - https:\/\/yoast.com\/product\/yoast-seo-premium-wordpress\/ -->\n<title>Gesch\u00e4ftsbedingungen | TechAuch Solutions<\/title>\n<meta name=\"description\" content=\"Gesch\u00e4ftsbedingungen\u200b | TechAuch Solutions Gesch\u00e4ftskunden von TechAuch Solutions \u2013 Vertr\u00e4ge, Lieferung, Gew\u00e4hrleistung .\" \/>\n<meta name=\"robots\" content=\"index, follow, max-snippet:-1, max-image-preview:large, max-video-preview:-1\" \/>\n<link rel=\"canonical\" href=\"https:\/\/techauch.de\/en\/geschaeftsbedingungen\/\" \/>\n<meta property=\"og:locale\" content=\"en_US\" \/>\n<meta property=\"og:type\" content=\"article\" \/>\n<meta property=\"og:title\" content=\"Gesch\u00e4ftsbedingungen\u200b IT f\u00fcr KMU | TechAuch Solutions\" \/>\n<meta property=\"og:description\" content=\"IT f\u00fcr KMU in M\u00fcnchen &amp; Umgebung: Support, Sicherheit, Netzwerk &amp; Microsoft 365. Beratung buchen und IT endlich sauber aufstellen.\" \/>\n<meta property=\"og:url\" content=\"https:\/\/techauch.de\/en\/geschaeftsbedingungen\/\" \/>\n<meta property=\"og:site_name\" content=\"TechAuch Solutions\" \/>\n<meta property=\"article:publisher\" content=\"https:\/\/www.facebook.com\/techauchsolutions\/\" \/>\n<meta property=\"article:modified_time\" content=\"2026-03-11T16:09:55+00:00\" \/>\n<meta property=\"og:image\" content=\"https:\/\/techauch.de\/wp-content\/uploads\/2025\/05\/1007679232_hostinger_ai_4ffe577b-d951MqL9aNiq1al8-1.png\" \/>\n\t<meta property=\"og:image:width\" content=\"2330\" \/>\n\t<meta property=\"og:image:height\" content=\"2160\" \/>\n\t<meta property=\"og:image:type\" content=\"image\/png\" \/>\n<meta name=\"twitter:card\" content=\"summary_large_image\" \/>\n<meta name=\"twitter:site\" content=\"@techauchs\" \/>\n<meta name=\"twitter:label1\" content=\"Est. reading time\" \/>\n\t<meta name=\"twitter:data1\" content=\"4 minutes\" \/>\n<script type=\"application\/ld+json\" class=\"yoast-schema-graph\">{\"@context\":\"https:\\\/\\\/schema.org\",\"@graph\":[{\"@type\":\"Article\",\"@id\":\"https:\\\/\\\/techauch.de\\\/geschaeftsbedingungen\\\/#article\",\"isPartOf\":{\"@id\":\"https:\\\/\\\/techauch.de\\\/geschaeftsbedingungen\\\/\"},\"author\":{\"name\":\"Jasha Auch\",\"@id\":\"https:\\\/\\\/techauch.de\\\/#\\\/schema\\\/person\\\/f069807813909d4c080b571ffb87e9a5\"},\"headline\":\"Gesch\u00e4ftsbedingungen\u200b\",\"datePublished\":\"2025-06-06T16:33:31+00:00\",\"dateModified\":\"2026-03-11T16:09:55+00:00\",\"mainEntityOfPage\":{\"@id\":\"https:\\\/\\\/techauch.de\\\/geschaeftsbedingungen\\\/\"},\"wordCount\":596,\"publisher\":{\"@id\":\"https:\\\/\\\/techauch.de\\\/#organization\"},\"image\":{\"@id\":\"https:\\\/\\\/techauch.de\\\/geschaeftsbedingungen\\\/#primaryimage\"},\"thumbnailUrl\":\"https:\\\/\\\/techauch.de\\\/wp-content\\\/uploads\\\/2025\\\/05\\\/1007679232_hostinger_ai_4ffe577b-d951MqL9aNiq1al8-1.png\",\"inLanguage\":\"en-US\"},{\"@type\":\"WebPage\",\"@id\":\"https:\\\/\\\/techauch.de\\\/geschaeftsbedingungen\\\/\",\"url\":\"https:\\\/\\\/techauch.de\\\/geschaeftsbedingungen\\\/\",\"name\":\"Gesch\u00e4ftsbedingungen | TechAuch Solutions\",\"isPartOf\":{\"@id\":\"https:\\\/\\\/techauch.de\\\/#website\"},\"primaryImageOfPage\":{\"@id\":\"https:\\\/\\\/techauch.de\\\/geschaeftsbedingungen\\\/#primaryimage\"},\"image\":{\"@id\":\"https:\\\/\\\/techauch.de\\\/geschaeftsbedingungen\\\/#primaryimage\"},\"thumbnailUrl\":\"https:\\\/\\\/techauch.de\\\/wp-content\\\/uploads\\\/2025\\\/05\\\/1007679232_hostinger_ai_4ffe577b-d951MqL9aNiq1al8-1.png\",\"datePublished\":\"2025-06-06T16:33:31+00:00\",\"dateModified\":\"2026-03-11T16:09:55+00:00\",\"description\":\"Gesch\u00e4ftsbedingungen\u200b | TechAuch Solutions Gesch\u00e4ftskunden von TechAuch Solutions \u2013 Vertr\u00e4ge, Lieferung, Gew\u00e4hrleistung .\",\"breadcrumb\":{\"@id\":\"https:\\\/\\\/techauch.de\\\/geschaeftsbedingungen\\\/#breadcrumb\"},\"inLanguage\":\"en-US\",\"potentialAction\":[{\"@type\":\"ReadAction\",\"target\":[\"https:\\\/\\\/techauch.de\\\/geschaeftsbedingungen\\\/\"]}]},{\"@type\":\"ImageObject\",\"inLanguage\":\"en-US\",\"@id\":\"https:\\\/\\\/techauch.de\\\/geschaeftsbedingungen\\\/#primaryimage\",\"url\":\"https:\\\/\\\/techauch.de\\\/wp-content\\\/uploads\\\/2025\\\/05\\\/1007679232_hostinger_ai_4ffe577b-d951MqL9aNiq1al8-1.png\",\"contentUrl\":\"https:\\\/\\\/techauch.de\\\/wp-content\\\/uploads\\\/2025\\\/05\\\/1007679232_hostinger_ai_4ffe577b-d951MqL9aNiq1al8-1.png\",\"width\":2330,\"height\":2160,\"caption\":\"Gesch\u00e4ftsbedingungen\u200b\"},{\"@type\":\"BreadcrumbList\",\"@id\":\"https:\\\/\\\/techauch.de\\\/geschaeftsbedingungen\\\/#breadcrumb\",\"itemListElement\":[{\"@type\":\"ListItem\",\"position\":1,\"name\":\"Startseite\",\"item\":\"https:\\\/\\\/techauch.de\\\/\"},{\"@type\":\"ListItem\",\"position\":2,\"name\":\"Gesch\u00e4ftsbedingungen\u200b\"}]},{\"@type\":\"WebSite\",\"@id\":\"https:\\\/\\\/techauch.de\\\/#website\",\"url\":\"https:\\\/\\\/techauch.de\\\/\",\"name\":\"TechAuch Solutions\",\"description\":\"IT Service f\u00fcr KMU &amp; Praxen\",\"publisher\":{\"@id\":\"https:\\\/\\\/techauch.de\\\/#organization\"},\"potentialAction\":[{\"@type\":\"SearchAction\",\"target\":{\"@type\":\"EntryPoint\",\"urlTemplate\":\"https:\\\/\\\/techauch.de\\\/?s={search_term_string}\"},\"query-input\":{\"@type\":\"PropertyValueSpecification\",\"valueRequired\":true,\"valueName\":\"search_term_string\"}}],\"inLanguage\":\"en-US\"},{\"@type\":[\"Organization\",\"Place\"],\"@id\":\"https:\\\/\\\/techauch.de\\\/#organization\",\"name\":\"TechAuch Solutions\",\"url\":\"https:\\\/\\\/techauch.de\\\/\",\"logo\":{\"@id\":\"https:\\\/\\\/techauch.de\\\/geschaeftsbedingungen\\\/#local-main-organization-logo\"},\"image\":{\"@id\":\"https:\\\/\\\/techauch.de\\\/geschaeftsbedingungen\\\/#local-main-organization-logo\"},\"sameAs\":[\"https:\\\/\\\/www.facebook.com\\\/techauchsolutions\\\/\",\"https:\\\/\\\/x.com\\\/techauchs\",\"https:\\\/\\\/www.instagram.com\\\/techauchsolutions\\\/\"],\"ownershipFundingInfo\":\"https:\\\/\\\/techauch.de\\\/datenschutzerklaerung\\\/\",\"telephone\":[],\"openingHoursSpecification\":[{\"@type\":\"OpeningHoursSpecification\",\"dayOfWeek\":[\"Monday\",\"Tuesday\",\"Wednesday\",\"Thursday\",\"Friday\",\"Saturday\",\"Sunday\"],\"opens\":\"09:00\",\"closes\":\"17:00\"}]},{\"@type\":\"Person\",\"@id\":\"https:\\\/\\\/techauch.de\\\/#\\\/schema\\\/person\\\/f069807813909d4c080b571ffb87e9a5\",\"name\":\"Jasha Auch\",\"image\":{\"@type\":\"ImageObject\",\"inLanguage\":\"en-US\",\"@id\":\"https:\\\/\\\/secure.gravatar.com\\\/avatar\\\/dbc7c4d5cca8daebc8450bc4c62f1fc790d891cd92fe7efb6746b27454273685?s=96&d=mm&r=g\",\"url\":\"https:\\\/\\\/secure.gravatar.com\\\/avatar\\\/dbc7c4d5cca8daebc8450bc4c62f1fc790d891cd92fe7efb6746b27454273685?s=96&d=mm&r=g\",\"contentUrl\":\"https:\\\/\\\/secure.gravatar.com\\\/avatar\\\/dbc7c4d5cca8daebc8450bc4c62f1fc790d891cd92fe7efb6746b27454273685?s=96&d=mm&r=g\",\"caption\":\"Jasha Auch\"},\"sameAs\":[\"https:\\\/\\\/techauch.de\"]},{\"@type\":\"ImageObject\",\"inLanguage\":\"en-US\",\"@id\":\"https:\\\/\\\/techauch.de\\\/geschaeftsbedingungen\\\/#local-main-organization-logo\",\"url\":\"https:\\\/\\\/techauch.de\\\/wp-content\\\/uploads\\\/2025\\\/06\\\/new-logo-09.24-scaled.jpg\",\"contentUrl\":\"https:\\\/\\\/techauch.de\\\/wp-content\\\/uploads\\\/2025\\\/06\\\/new-logo-09.24-scaled.jpg\",\"width\":2560,\"height\":2373,\"caption\":\"TechAuch Solutions\"}]}<\/script>\n<!-- \/ Yoast SEO Premium plugin. -->","yoast_head_json":{"title":"Gesch\u00e4ftsbedingungen | TechAuch Solutions","description":"Gesch\u00e4ftsbedingungen\u200b | TechAuch Solutions Gesch\u00e4ftskunden von TechAuch Solutions \u2013 Vertr\u00e4ge, Lieferung, Gew\u00e4hrleistung .","robots":{"index":"index","follow":"follow","max-snippet":"max-snippet:-1","max-image-preview":"max-image-preview:large","max-video-preview":"max-video-preview:-1"},"canonical":"https:\/\/techauch.de\/en\/geschaeftsbedingungen\/","og_locale":"en_US","og_type":"article","og_title":"Gesch\u00e4ftsbedingungen\u200b IT f\u00fcr KMU | TechAuch Solutions","og_description":"IT f\u00fcr KMU in M\u00fcnchen & Umgebung: Support, Sicherheit, Netzwerk & Microsoft 365. Beratung buchen und IT endlich sauber aufstellen.","og_url":"https:\/\/techauch.de\/en\/geschaeftsbedingungen\/","og_site_name":"TechAuch Solutions","article_publisher":"https:\/\/www.facebook.com\/techauchsolutions\/","article_modified_time":"2026-03-11T16:09:55+00:00","og_image":[{"width":2330,"height":2160,"url":"https:\/\/techauch.de\/wp-content\/uploads\/2025\/05\/1007679232_hostinger_ai_4ffe577b-d951MqL9aNiq1al8-1.png","type":"image\/png"}],"twitter_card":"summary_large_image","twitter_site":"@techauchs","twitter_misc":{"Est. reading time":"4 minutes"},"schema":{"@context":"https:\/\/schema.org","@graph":[{"@type":"Article","@id":"https:\/\/techauch.de\/geschaeftsbedingungen\/#article","isPartOf":{"@id":"https:\/\/techauch.de\/geschaeftsbedingungen\/"},"author":{"name":"Jasha Auch","@id":"https:\/\/techauch.de\/#\/schema\/person\/f069807813909d4c080b571ffb87e9a5"},"headline":"Gesch\u00e4ftsbedingungen\u200b","datePublished":"2025-06-06T16:33:31+00:00","dateModified":"2026-03-11T16:09:55+00:00","mainEntityOfPage":{"@id":"https:\/\/techauch.de\/geschaeftsbedingungen\/"},"wordCount":596,"publisher":{"@id":"https:\/\/techauch.de\/#organization"},"image":{"@id":"https:\/\/techauch.de\/geschaeftsbedingungen\/#primaryimage"},"thumbnailUrl":"https:\/\/techauch.de\/wp-content\/uploads\/2025\/05\/1007679232_hostinger_ai_4ffe577b-d951MqL9aNiq1al8-1.png","inLanguage":"en-US"},{"@type":"WebPage","@id":"https:\/\/techauch.de\/geschaeftsbedingungen\/","url":"https:\/\/techauch.de\/geschaeftsbedingungen\/","name":"Gesch\u00e4ftsbedingungen | TechAuch Solutions","isPartOf":{"@id":"https:\/\/techauch.de\/#website"},"primaryImageOfPage":{"@id":"https:\/\/techauch.de\/geschaeftsbedingungen\/#primaryimage"},"image":{"@id":"https:\/\/techauch.de\/geschaeftsbedingungen\/#primaryimage"},"thumbnailUrl":"https:\/\/techauch.de\/wp-content\/uploads\/2025\/05\/1007679232_hostinger_ai_4ffe577b-d951MqL9aNiq1al8-1.png","datePublished":"2025-06-06T16:33:31+00:00","dateModified":"2026-03-11T16:09:55+00:00","description":"Gesch\u00e4ftsbedingungen\u200b | TechAuch Solutions Gesch\u00e4ftskunden von TechAuch Solutions \u2013 Vertr\u00e4ge, Lieferung, Gew\u00e4hrleistung .","breadcrumb":{"@id":"https:\/\/techauch.de\/geschaeftsbedingungen\/#breadcrumb"},"inLanguage":"en-US","potentialAction":[{"@type":"ReadAction","target":["https:\/\/techauch.de\/geschaeftsbedingungen\/"]}]},{"@type":"ImageObject","inLanguage":"en-US","@id":"https:\/\/techauch.de\/geschaeftsbedingungen\/#primaryimage","url":"https:\/\/techauch.de\/wp-content\/uploads\/2025\/05\/1007679232_hostinger_ai_4ffe577b-d951MqL9aNiq1al8-1.png","contentUrl":"https:\/\/techauch.de\/wp-content\/uploads\/2025\/05\/1007679232_hostinger_ai_4ffe577b-d951MqL9aNiq1al8-1.png","width":2330,"height":2160,"caption":"Gesch\u00e4ftsbedingungen\u200b"},{"@type":"BreadcrumbList","@id":"https:\/\/techauch.de\/geschaeftsbedingungen\/#breadcrumb","itemListElement":[{"@type":"ListItem","position":1,"name":"Startseite","item":"https:\/\/techauch.de\/"},{"@type":"ListItem","position":2,"name":"Gesch\u00e4ftsbedingungen\u200b"}]},{"@type":"WebSite","@id":"https:\/\/techauch.de\/#website","url":"https:\/\/techauch.de\/","name":"TechAuch Solutions","description":"IT Service f\u00fcr KMU &amp; Praxen","publisher":{"@id":"https:\/\/techauch.de\/#organization"},"potentialAction":[{"@type":"SearchAction","target":{"@type":"EntryPoint","urlTemplate":"https:\/\/techauch.de\/?s={search_term_string}"},"query-input":{"@type":"PropertyValueSpecification","valueRequired":true,"valueName":"search_term_string"}}],"inLanguage":"en-US"},{"@type":["Organization","Place"],"@id":"https:\/\/techauch.de\/#organization","name":"TechAuch Solutions","url":"https:\/\/techauch.de\/","logo":{"@id":"https:\/\/techauch.de\/geschaeftsbedingungen\/#local-main-organization-logo"},"image":{"@id":"https:\/\/techauch.de\/geschaeftsbedingungen\/#local-main-organization-logo"},"sameAs":["https:\/\/www.facebook.com\/techauchsolutions\/","https:\/\/x.com\/techauchs","https:\/\/www.instagram.com\/techauchsolutions\/"],"ownershipFundingInfo":"https:\/\/techauch.de\/datenschutzerklaerung\/","telephone":[],"openingHoursSpecification":[{"@type":"OpeningHoursSpecification","dayOfWeek":["Monday","Tuesday","Wednesday","Thursday","Friday","Saturday","Sunday"],"opens":"09:00","closes":"17:00"}]},{"@type":"Person","@id":"https:\/\/techauch.de\/#\/schema\/person\/f069807813909d4c080b571ffb87e9a5","name":"Jasha Auch","image":{"@type":"ImageObject","inLanguage":"en-US","@id":"https:\/\/secure.gravatar.com\/avatar\/dbc7c4d5cca8daebc8450bc4c62f1fc790d891cd92fe7efb6746b27454273685?s=96&d=mm&r=g","url":"https:\/\/secure.gravatar.com\/avatar\/dbc7c4d5cca8daebc8450bc4c62f1fc790d891cd92fe7efb6746b27454273685?s=96&d=mm&r=g","contentUrl":"https:\/\/secure.gravatar.com\/avatar\/dbc7c4d5cca8daebc8450bc4c62f1fc790d891cd92fe7efb6746b27454273685?s=96&d=mm&r=g","caption":"Jasha Auch"},"sameAs":["https:\/\/techauch.de"]},{"@type":"ImageObject","inLanguage":"en-US","@id":"https:\/\/techauch.de\/geschaeftsbedingungen\/#local-main-organization-logo","url":"https:\/\/techauch.de\/wp-content\/uploads\/2025\/06\/new-logo-09.24-scaled.jpg","contentUrl":"https:\/\/techauch.de\/wp-content\/uploads\/2025\/06\/new-logo-09.24-scaled.jpg","width":2560,"height":2373,"caption":"TechAuch Solutions"}]}},"_links":{"self":[{"href":"https:\/\/techauch.de\/en\/wp-json\/wp\/v2\/pages\/1334","targetHints":{"allow":["GET"]}}],"collection":[{"href":"https:\/\/techauch.de\/en\/wp-json\/wp\/v2\/pages"}],"about":[{"href":"https:\/\/techauch.de\/en\/wp-json\/wp\/v2\/types\/page"}],"author":[{"embeddable":true,"href":"https:\/\/techauch.de\/en\/wp-json\/wp\/v2\/users\/3"}],"replies":[{"embeddable":true,"href":"https:\/\/techauch.de\/en\/wp-json\/wp\/v2\/comments?post=1334"}],"version-history":[{"count":38,"href":"https:\/\/techauch.de\/en\/wp-json\/wp\/v2\/pages\/1334\/revisions"}],"predecessor-version":[{"id":3421,"href":"https:\/\/techauch.de\/en\/wp-json\/wp\/v2\/pages\/1334\/revisions\/3421"}],"wp:featuredmedia":[{"embeddable":true,"href":"https:\/\/techauch.de\/en\/wp-json\/wp\/v2\/media\/236"}],"wp:attachment":[{"href":"https:\/\/techauch.de\/en\/wp-json\/wp\/v2\/media?parent=1334"}],"curies":[{"name":"wp","href":"https:\/\/api.w.org\/{rel}","templated":true}]}}